{"id":1772,"date":"2023-10-06T10:29:51","date_gmt":"2023-10-06T10:29:51","guid":{"rendered":"https:\/\/1502.dev.foxwork.it\/?page_id=1772"},"modified":"2023-10-06T14:03:59","modified_gmt":"2023-10-06T14:03:59","slug":"mentalreise","status":"publish","type":"page","link":"https:\/\/1502.dev.foxwork.it\/en\/mentalreise\/","title":{"rendered":"Mentalreise Produktseite"},"content":{"rendered":"<div data-elementor-type=\"wp-page\" data-elementor-id=\"1772\" class=\"elementor elementor-1772\" data-elementor-post-type=\"page\">\n\t\t\t\t\t\t\t\t\t<section class=\"elementor-section elementor-top-section elementor-element elementor-element-90267a2 elementor-section-boxed elementor-section-height-default elementor-section-height-default\" data-id=\"90267a2\" data-element_type=\"section\">\n\t\t\t\t\t\t<div class=\"elementor-container elementor-column-gap-default\">\n\t\t\t\t\t<div class=\"elementor-column elementor-col-100 elementor-top-column elementor-element elementor-element-342db1d\" data-id=\"342db1d\" data-element_type=\"column\">\n\t\t\t<div class=\"elementor-widget-wrap elementor-element-populated\">\n\t\t\t\t\t\t\t\t<div class=\"elementor-element elementor-element-a4b6d88 elementor-widget elementor-widget-spacer\" data-id=\"a4b6d88\" data-element_type=\"widget\" data-widget_type=\"spacer.default\">\n\t\t\t\t<div class=\"elementor-widget-container\">\n\t\t\t<style>\/*! elementor - v3.15.0 - 02-08-2023 *\/\n.elementor-column .elementor-spacer-inner{height:var(--spacer-size)}.e-con{--container-widget-width:100%}.e-con-inner>.elementor-widget-spacer,.e-con>.elementor-widget-spacer{width:var(--container-widget-width,var(--spacer-size));--align-self:var(--container-widget-align-self,initial);--flex-shrink:0}.e-con-inner>.elementor-widget-spacer>.elementor-widget-container,.e-con-inner>.elementor-widget-spacer>.elementor-widget-container>.elementor-spacer,.e-con>.elementor-widget-spacer>.elementor-widget-container,.e-con>.elementor-widget-spacer>.elementor-widget-container>.elementor-spacer{height:100%}.e-con-inner>.elementor-widget-spacer>.elementor-widget-container>.elementor-spacer>.elementor-spacer-inner,.e-con>.elementor-widget-spacer>.elementor-widget-container>.elementor-spacer>.elementor-spacer-inner{height:var(--container-widget-height,var(--spacer-size))}<\/style>\t\t<div class=\"elementor-spacer\">\n\t\t\t<div class=\"elementor-spacer-inner\"><\/div>\n\t\t<\/div>\n\t\t\t\t<\/div>\n\t\t\t\t<\/div>\n\t\t\t\t<div class=\"elementor-element elementor-element-530cf29 elementor-widget elementor-widget-text-editor\" data-id=\"530cf29\" data-element_type=\"widget\" data-widget_type=\"text-editor.default\">\n\t\t\t\t<div class=\"elementor-widget-container\">\n\t\t\t<style>\/*! elementor - v3.15.0 - 02-08-2023 *\/\n.elementor-widget-text-editor.elementor-drop-cap-view-stacked .elementor-drop-cap{background-color:#69727d;color:#fff}.elementor-widget-text-editor.elementor-drop-cap-view-framed .elementor-drop-cap{color:#69727d;border:3px solid;background-color:transparent}.elementor-widget-text-editor:not(.elementor-drop-cap-view-default) .elementor-drop-cap{margin-top:8px}.elementor-widget-text-editor:not(.elementor-drop-cap-view-default) .elementor-drop-cap-letter{width:1em;height:1em}.elementor-widget-text-editor .elementor-drop-cap{float:left;text-align:center;line-height:1;font-size:50px}.elementor-widget-text-editor .elementor-drop-cap-letter{display:inline-block}<\/style>\t\t\t\t<h1>Meditation &#8211; Dein Weg zu dir selbst<\/h1>\t\t\t\t\t\t<\/div>\n\t\t\t\t<\/div>\n\t\t\t\t\t<\/div>\n\t\t<\/div>\n\t\t\t\t\t\t\t<\/div>\n\t\t<\/section>\n\t\t\t\t<section class=\"elementor-section elementor-top-section elementor-element elementor-element-a488677 elementor-section-boxed elementor-section-height-default elementor-section-height-default\" data-id=\"a488677\" data-element_type=\"section\">\n\t\t\t\t\t\t<div class=\"elementor-container elementor-column-gap-default\">\n\t\t\t\t\t<div class=\"elementor-column elementor-col-100 elementor-top-column elementor-element elementor-element-76d46b4\" data-id=\"76d46b4\" data-element_type=\"column\">\n\t\t\t<div class=\"elementor-widget-wrap elementor-element-populated\">\n\t\t\t\t\t\t\t\t<div class=\"elementor-element elementor-element-afae3df elementor-widget elementor-widget-spacer\" data-id=\"afae3df\" data-element_type=\"widget\" data-widget_type=\"spacer.default\">\n\t\t\t\t<div class=\"elementor-widget-container\">\n\t\t\t\t\t<div class=\"elementor-spacer\">\n\t\t\t<div class=\"elementor-spacer-inner\"><\/div>\n\t\t<\/div>\n\t\t\t\t<\/div>\n\t\t\t\t<\/div>\n\t\t\t\t\t<\/div>\n\t\t<\/div>\n\t\t\t\t\t\t\t<\/div>\n\t\t<\/section>\n\t\t\t\t<section class=\"elementor-section elementor-top-section elementor-element elementor-element-b9ff351 elementor-section-boxed elementor-section-height-default elementor-section-height-default\" data-id=\"b9ff351\" data-element_type=\"section\">\n\t\t\t\t\t\t<div class=\"elementor-container elementor-column-gap-default\">\n\t\t\t\t\t<div class=\"elementor-column elementor-col-50 elementor-top-column elementor-element elementor-element-c532ebd\" data-id=\"c532ebd\" data-element_type=\"column\">\n\t\t\t<div class=\"elementor-widget-wrap elementor-element-populated\">\n\t\t\t\t\t\t\t\t<div class=\"elementor-element elementor-element-3aa7257 elementor-widget elementor-widget-text-editor\" data-id=\"3aa7257\" data-element_type=\"widget\" data-widget_type=\"text-editor.default\">\n\t\t\t\t<div class=\"elementor-widget-container\">\n\t\t\t\t\t\t\t<p><strong>In der Hektik des Alltags w\u00fcnschst du dir manchmal einfach nur endlich bei dir selbst ankommen zu k\u00f6nnen und bestehende Blockaden langfristig aufzul\u00f6sen?<\/strong><\/p><p><strong>Ein Wunsch, mit dem du nicht alleine bist.<\/strong><\/p><p><strong>Ein Wunsch, bei dessen Erf\u00fcllung ich dir helfen m\u00f6chte.<\/strong><\/p>\t\t\t\t\t\t<\/div>\n\t\t\t\t<\/div>\n\t\t\t\t<div class=\"elementor-element elementor-element-45cb2ba elementor-widget elementor-widget-text-editor\" data-id=\"45cb2ba\" data-element_type=\"widget\" data-widget_type=\"text-editor.default\">\n\t\t\t\t<div class=\"elementor-widget-container\">\n\t\t\t\t\t\t\t<p>Leider fehlen uns oft die n\u00f6tigen Ressourcen, oder einfach auch die Zeit, um im Alltag ganz bewusste Pausen einzulegen und bei uns zu sein. In uns hineinzuhorchen, zu sp\u00fcren, was wir brauchen und unseren Empfindungen und dem inneren Ausdruck, der nach au\u00dfen strebt, Raum zu geben.\u00a0<\/p><p>Dabei gibt es wundervolle Tools, die dir helfen, den ben\u00f6tigten Raum zu schaffen.<\/p><p>Mit meiner gef\u00fchrten, aktiven Meditation begleite ich dich auf eine Mentalreise, die es dir erm\u00f6glicht, dich auf v\u00f6llig neue Weise mit deinem K\u00f6rper verbunden zu f\u00fchlen. Diese tiefe Verbundenheit f\u00fchrt dich zu einem tieferen Verstehen deines Inneren und bringt dir die lang ersehnte Leichtigkeit &#8211; deutlich zu sp\u00fcren in deinem Klavierspiel.<\/p>\t\t\t\t\t\t<\/div>\n\t\t\t\t<\/div>\n\t\t\t\t\t<\/div>\n\t\t<\/div>\n\t\t\t\t<div class=\"elementor-column elementor-col-50 elementor-top-column elementor-element elementor-element-5381302 elementor-hidden-mobile\" data-id=\"5381302\" data-element_type=\"column\" data-settings=\"{&quot;background_background&quot;:&quot;classic&quot;}\">\n\t\t\t<div class=\"elementor-widget-wrap elementor-element-populated\">\n\t\t\t\t\t\t\t\t<div class=\"elementor-element elementor-element-dcf8d30 elementor-widget elementor-widget-image\" data-id=\"dcf8d30\" data-element_type=\"widget\" data-widget_type=\"image.default\">\n\t\t\t\t<div class=\"elementor-widget-container\">\n\t\t\t<style>\/*! elementor - v3.15.0 - 02-08-2023 *\/\n.elementor-widget-image{text-align:center}.elementor-widget-image a{display:inline-block}.elementor-widget-image a img[src$=\".svg\"]{width:48px}.elementor-widget-image img{vertical-align:middle;display:inline-block}<\/style>\t\t\t\t\t\t\t\t\t\t\t\t<img loading=\"lazy\" decoding=\"async\" width=\"1080\" height=\"1500\" src=\"https:\/\/1502.dev.foxwork.it\/wp-content\/uploads\/2023\/10\/Schneemann-Mentalreise.png\" class=\"attachment-full size-full wp-image-1775\" alt=\"\" srcset=\"https:\/\/1502.dev.foxwork.it\/wp-content\/uploads\/2023\/10\/Schneemann-Mentalreise.png 1080w, https:\/\/1502.dev.foxwork.it\/wp-content\/uploads\/2023\/10\/Schneemann-Mentalreise-216x300.png 216w, https:\/\/1502.dev.foxwork.it\/wp-content\/uploads\/2023\/10\/Schneemann-Mentalreise-737x1024.png 737w, https:\/\/1502.dev.foxwork.it\/wp-content\/uploads\/2023\/10\/Schneemann-Mentalreise-768x1067.png 768w, https:\/\/1502.dev.foxwork.it\/wp-content\/uploads\/2023\/10\/Schneemann-Mentalreise-9x12.png 9w\" sizes=\"auto, (max-width: 1080px) 100vw, 1080px\" \/>\t\t\t\t\t\t\t\t\t\t\t\t\t\t\t<\/div>\n\t\t\t\t<\/div>\n\t\t\t\t\t<\/div>\n\t\t<\/div>\n\t\t\t\t\t\t\t<\/div>\n\t\t<\/section>\n\t\t\t\t<section class=\"elementor-section elementor-top-section elementor-element elementor-element-467c106 elementor-section-boxed elementor-section-height-default elementor-section-height-default\" data-id=\"467c106\" data-element_type=\"section\">\n\t\t\t\t\t\t<div class=\"elementor-container elementor-column-gap-default\">\n\t\t\t\t\t<div class=\"elementor-column elementor-col-100 elementor-top-column elementor-element elementor-element-7e4148f\" data-id=\"7e4148f\" data-element_type=\"column\">\n\t\t\t<div class=\"elementor-widget-wrap elementor-element-populated\">\n\t\t\t\t\t\t\t\t<div class=\"elementor-element elementor-element-dc744dc elementor-widget elementor-widget-text-editor\" data-id=\"dc744dc\" data-element_type=\"widget\" data-widget_type=\"text-editor.default\">\n\t\t\t\t<div class=\"elementor-widget-container\">\n\t\t\t\t\t\t\t<p>Dank der Aktivierung deiner Herzkraft, einem wesentlichen Bestandteil meines SCHNEEMANN\u00ae-Klavierlernsystems, kannst du ganz leicht loslassen und dich der neuen Verbundenheit hingeben.\u00a0<\/p><p><strong>Bist du bereit, mit mir auf diese Reise zu gehen? Dann hole dir jetzt meine gef\u00fchrte Meditation und l\u00f6se deine Blockaden dauerhaft, ein f\u00fcr allemal auf, um zu dir selbst zu finden.<\/strong><\/p>\t\t\t\t\t\t<\/div>\n\t\t\t\t<\/div>\n\t\t\t\t<div class=\"elementor-element elementor-element-1684d93 elementor-align-center elementor-widget elementor-widget-button\" data-id=\"1684d93\" data-element_type=\"widget\" data-widget_type=\"button.default\">\n\t\t\t\t<div class=\"elementor-widget-container\">\n\t\t\t\t\t<div class=\"elementor-button-wrapper\">\n\t\t\t<a class=\"elementor-button elementor-button-link elementor-size-xs\" href=\"https:\/\/www.digistore24.com\/product\/519538\" target=\"_blank\" rel=\"noopener\">\n\t\t\t\t\t\t<span class=\"elementor-button-content-wrapper\">\n\t\t\t\t\t\t<span class=\"elementor-button-text\">Aktiviere deine Herzkraft <br>f\u00fcr nur 19\u20ac zzgl. Mwst.<\/span>\n\t\t<\/span>\n\t\t\t\t\t<\/a>\n\t\t<\/div>\n\t\t\t\t<\/div>\n\t\t\t\t<\/div>\n\t\t\t\t<div class=\"elementor-element elementor-element-20a0f81 elementor-widget elementor-widget-spacer\" data-id=\"20a0f81\" data-element_type=\"widget\" data-widget_type=\"spacer.default\">\n\t\t\t\t<div class=\"elementor-widget-container\">\n\t\t\t\t\t<div class=\"elementor-spacer\">\n\t\t\t<div class=\"elementor-spacer-inner\"><\/div>\n\t\t<\/div>\n\t\t\t\t<\/div>\n\t\t\t\t<\/div>\n\t\t\t\t\t<\/div>\n\t\t<\/div>\n\t\t\t\t\t\t\t<\/div>\n\t\t<\/section>\n\t\t\t\t<section class=\"elementor-section elementor-top-section elementor-element elementor-element-2db8012a elementor-section-boxed elementor-section-height-default elementor-section-height-default\" data-id=\"2db8012a\" data-element_type=\"section\" data-settings=\"{&quot;background_background&quot;:&quot;classic&quot;}\">\n\t\t\t\t\t\t<div class=\"elementor-container elementor-column-gap-default\">\n\t\t\t\t\t<div class=\"elementor-column elementor-col-50 elementor-top-column elementor-element elementor-element-134109ad\" data-id=\"134109ad\" data-element_type=\"column\">\n\t\t\t<div class=\"elementor-widget-wrap elementor-element-populated\">\n\t\t\t\t\t\t\t\t<div class=\"elementor-element elementor-element-5dfe2bb0 elementor-widget elementor-widget-spacer\" data-id=\"5dfe2bb0\" data-element_type=\"widget\" data-widget_type=\"spacer.default\">\n\t\t\t\t<div class=\"elementor-widget-container\">\n\t\t\t\t\t<div class=\"elementor-spacer\">\n\t\t\t<div class=\"elementor-spacer-inner\"><\/div>\n\t\t<\/div>\n\t\t\t\t<\/div>\n\t\t\t\t<\/div>\n\t\t\t\t<div class=\"elementor-element elementor-element-768c715e elementor-widget elementor-widget-text-editor\" data-id=\"768c715e\" data-element_type=\"widget\" data-widget_type=\"text-editor.default\">\n\t\t\t\t<div class=\"elementor-widget-container\">\n\t\t\t\t\t\t\t<p><a href=\"https:\/\/1502.dev.foxwork.it\/en\/impressum\/\">Imprint<\/a><\/p>\t\t\t\t\t\t<\/div>\n\t\t\t\t<\/div>\n\t\t\t\t<div class=\"elementor-element elementor-element-4fa625f4 elementor-widget elementor-widget-spacer\" data-id=\"4fa625f4\" data-element_type=\"widget\" data-widget_type=\"spacer.default\">\n\t\t\t\t<div class=\"elementor-widget-container\">\n\t\t\t\t\t<div class=\"elementor-spacer\">\n\t\t\t<div class=\"elementor-spacer-inner\"><\/div>\n\t\t<\/div>\n\t\t\t\t<\/div>\n\t\t\t\t<\/div>\n\t\t\t\t\t<\/div>\n\t\t<\/div>\n\t\t\t\t<div class=\"elementor-column elementor-col-50 elementor-top-column elementor-element elementor-element-6a5135d5\" data-id=\"6a5135d5\" data-element_type=\"column\">\n\t\t\t<div class=\"elementor-widget-wrap elementor-element-populated\">\n\t\t\t\t\t\t\t\t<div class=\"elementor-element elementor-element-275d6a40 elementor-widget elementor-widget-spacer\" data-id=\"275d6a40\" data-element_type=\"widget\" data-widget_type=\"spacer.default\">\n\t\t\t\t<div class=\"elementor-widget-container\">\n\t\t\t\t\t<div class=\"elementor-spacer\">\n\t\t\t<div class=\"elementor-spacer-inner\"><\/div>\n\t\t<\/div>\n\t\t\t\t<\/div>\n\t\t\t\t<\/div>\n\t\t\t\t<div class=\"elementor-element elementor-element-72a5d209 elementor-widget elementor-widget-text-editor\" data-id=\"72a5d209\" data-element_type=\"widget\" data-widget_type=\"text-editor.default\">\n\t\t\t\t<div class=\"elementor-widget-container\">\n\t\t\t\t\t\t\t<p><a href=\"https:\/\/1502.dev.foxwork.it\/en\/datenschutz\/\">Privacy policy<\/a><\/p>\t\t\t\t\t\t<\/div>\n\t\t\t\t<\/div>\n\t\t\t\t<div class=\"elementor-element elementor-element-63f20856 elementor-widget elementor-widget-spacer\" data-id=\"63f20856\" data-element_type=\"widget\" data-widget_type=\"spacer.default\">\n\t\t\t\t<div class=\"elementor-widget-container\">\n\t\t\t\t\t<div class=\"elementor-spacer\">\n\t\t\t<div class=\"elementor-spacer-inner\"><\/div>\n\t\t<\/div>\n\t\t\t\t<\/div>\n\t\t\t\t<\/div>\n\t\t\t\t\t<\/div>\n\t\t<\/div>\n\t\t\t\t\t\t\t<\/div>\n\t\t<\/section>\n\t\t\t\t\t\t\t<\/div>","protected":false},"excerpt":{"rendered":"<p>Meditation &#8211; Dein Weg zu dir selbst In der Hektik des Alltags w\u00fcnschst du dir manchmal einfach nur endlich bei dir selbst ankommen zu k\u00f6nnen und bestehende Blockaden langfristig aufzul\u00f6sen? Ein Wunsch, mit dem du nicht alleine bist. Ein Wunsch, bei dessen Erf\u00fcllung ich dir helfen m\u00f6chte. Leider fehlen uns oft die n\u00f6tigen Ressourcen, oder [&hellip;]<\/p>","protected":false},"author":1,"featured_media":0,"parent":0,"menu_order":0,"comment_status":"closed","ping_status":"closed","template":"elementor_canvas","meta":{"footnotes":""},"class_list":["post-1772","page","type-page","status-publish","hentry"],"_links":{"self":[{"href":"https:\/\/1502.dev.foxwork.it\/en\/wp-json\/wp\/v2\/pages\/1772","targetHints":{"allow":["GET"]}}],"collection":[{"href":"https:\/\/1502.dev.foxwork.it\/en\/wp-json\/wp\/v2\/pages"}],"about":[{"href":"https:\/\/1502.dev.foxwork.it\/en\/wp-json\/wp\/v2\/types\/page"}],"author":[{"embeddable":true,"href":"https:\/\/1502.dev.foxwork.it\/en\/wp-json\/wp\/v2\/users\/1"}],"replies":[{"embeddable":true,"href":"https:\/\/1502.dev.foxwork.it\/en\/wp-json\/wp\/v2\/comments?post=1772"}],"version-history":[{"count":0,"href":"https:\/\/1502.dev.foxwork.it\/en\/wp-json\/wp\/v2\/pages\/1772\/revisions"}],"wp:attachment":[{"href":"https:\/\/1502.dev.foxwork.it\/en\/wp-json\/wp\/v2\/media?parent=1772"}],"curies":[{"name":"wp","href":"https:\/\/api.w.org\/{rel}","templated":true}]}}