{"id":265,"date":"2023-08-23T06:34:26","date_gmt":"2023-08-23T06:34:26","guid":{"rendered":"https:\/\/1502.dev.foxwork.it\/?page_id=265"},"modified":"2024-02-22T07:58:37","modified_gmt":"2024-02-22T07:58:37","slug":"datenschutz","status":"publish","type":"page","link":"https:\/\/1502.dev.foxwork.it\/en\/datenschutz\/","title":{"rendered":"Privacy policy"},"content":{"rendered":"<div data-elementor-type=\"wp-page\" data-elementor-id=\"265\" class=\"elementor elementor-265\" data-elementor-post-type=\"page\">\n\t\t\t\t\t\t\t\t\t<section class=\"elementor-section elementor-top-section elementor-element elementor-element-306ae3b0 elementor-section-boxed elementor-section-height-default elementor-section-height-default\" data-id=\"306ae3b0\" data-element_type=\"section\">\n\t\t\t\t\t\t<div class=\"elementor-container elementor-column-gap-default\">\n\t\t\t\t\t<div class=\"elementor-column elementor-col-100 elementor-top-column elementor-element elementor-element-337e79e2\" data-id=\"337e79e2\" data-element_type=\"column\">\n\t\t\t<div class=\"elementor-widget-wrap elementor-element-populated\">\n\t\t\t\t\t\t\t\t<div class=\"elementor-element elementor-element-3b19611 elementor-widget elementor-widget-heading\" data-id=\"3b19611\" data-element_type=\"widget\" data-widget_type=\"heading.default\">\n\t\t\t\t<div class=\"elementor-widget-container\">\n\t\t\t<style>\/*! elementor - v3.15.0 - 02-08-2023 *\/\n.elementor-heading-title{padding:0;margin:0;line-height:1}.elementor-widget-heading .elementor-heading-title[class*=elementor-size-]>a{color:inherit;font-size:inherit;line-height:inherit}.elementor-widget-heading .elementor-heading-title.elementor-size-small{font-size:15px}.elementor-widget-heading .elementor-heading-title.elementor-size-medium{font-size:19px}.elementor-widget-heading .elementor-heading-title.elementor-size-large{font-size:29px}.elementor-widget-heading .elementor-heading-title.elementor-size-xl{font-size:39px}.elementor-widget-heading .elementor-heading-title.elementor-size-xxl{font-size:59px}<\/style><h1 class=\"elementor-heading-title elementor-size-default\">privacy policy<\/h1>\t\t<\/div>\n\t\t\t\t<\/div>\n\t\t\t\t<div class=\"elementor-element elementor-element-7d34c0a elementor-widget elementor-widget-text-editor\" data-id=\"7d34c0a\" data-element_type=\"widget\" data-widget_type=\"text-editor.default\">\n\t\t\t\t<div class=\"elementor-widget-container\">\n\t\t\t<style>\/*! elementor - v3.15.0 - 02-08-2023 *\/\n.elementor-widget-text-editor.elementor-drop-cap-view-stacked .elementor-drop-cap{background-color:#69727d;color:#fff}.elementor-widget-text-editor.elementor-drop-cap-view-framed .elementor-drop-cap{color:#69727d;border:3px solid;background-color:transparent}.elementor-widget-text-editor:not(.elementor-drop-cap-view-default) .elementor-drop-cap{margin-top:8px}.elementor-widget-text-editor:not(.elementor-drop-cap-view-default) .elementor-drop-cap-letter{width:1em;height:1em}.elementor-widget-text-editor .elementor-drop-cap{float:left;text-align:center;line-height:1;font-size:50px}.elementor-widget-text-editor .elementor-drop-cap-letter{display:inline-block}<\/style>\t\t\t\t<p><span style=\"font-weight: 400;\">Datenschutz und Datensicherheit sind wichtig f\u00fcr die\u00a0<\/span>SCHNEEMANN\u00ae-<span style=\"font-weight: 400;\">Klavierschule (\u00abSchneemann-Klavierschule\u00bb; \u00abwir\u00bb). Wir bearbeiten Ihre Personendaten verantwortungsbewusst, in \u00dcbereinstimmung mit anwendbaren gesetzlichen Bestimmungen und gem\u00e4ss dieser Datenschutzerkl\u00e4rung.<\/span><\/p>\t\t\t\t\t\t<\/div>\n\t\t\t\t<\/div>\n\t\t\t\t<div class=\"elementor-element elementor-element-cb6cd70 elementor-widget elementor-widget-text-editor\" data-id=\"cb6cd70\" data-element_type=\"widget\" data-widget_type=\"text-editor.default\">\n\t\t\t\t<div class=\"elementor-widget-container\">\n\t\t\t\t\t\t\t<p><!-- wp:heading --><\/p>\n<p><b>Inhalt dieser Datenschutzerkl\u00e4rung<\/b><\/p>\n<p><span style=\"font-weight: 400;\">In dieser Datenschutzerkl\u00e4rung informieren wir Sie dar\u00fcber, wie wir Personendaten erheben und bearbeiten, wenn Sie unsere Website unter https:\/\/www.schneemann-klavierschule.com (\u00abWebsite\u00bb) oder Social-Media-Seiten besuchen, uns kontaktieren oder unsere Leistungen in Anspruch nehmen.<\/span><\/p>\n<p><b><br>Verantwortlicher f\u00fcr die Datenbearbeitung<\/b><\/p>\n<p><span style=\"font-weight: 400;\">F\u00fcr die in dieser Datenschutzerkl\u00e4rung beschriebenen Datenbearbeitungen ist&nbsp;<\/span>SCHNEEMANN\u00ae-<span style=\"font-weight: 400;\">Klavierschule verantwortlich.<\/span><\/p>\n<p><span style=\"font-weight: 400;\">Bei Fragen oder wenn Sie Ihre datenschutzrechtlichen Betroffenenrechte wahrnehmen m\u00f6chten, kontaktieren Sie uns bitte \u00fcber info@schneemann-klavierschule.ch oder schreiben Sie an: Mailyn Rebecca Henseler, Kapellenmattli 4, 6053 Alpnachstad.<\/span><\/p>\n<p><b><br>Bei der Kommunikation und Leistungserbringung bearbeitete Personendaten<\/b><\/p>\n<p><span style=\"font-weight: 400;\">Wir erheben die von Ihnen an uns \u00fcbermittelten Informationen wie folgt:<\/span><\/p>\n<ul>\n<li style=\"font-weight: 400;\" aria-level=\"1\"><span style=\"font-weight: 400;\">wenn Sie uns kontaktieren;<\/span><\/li>\n<li style=\"font-weight: 400;\" aria-level=\"1\"><span style=\"font-weight: 400;\">wenn Sie sich auf der Website oder der Online-Plattform als Nutzer registrieren;<\/span><\/li>\n<li style=\"font-weight: 400;\" aria-level=\"1\"><span style=\"font-weight: 400;\">wenn Sie Dienstleistungen bestellen;<\/span><\/li>\n<\/ul>\n<p><span style=\"font-weight: 400;\">Dazu geh\u00f6ren allgemeine Personendaten, z.B. Name und Kontaktdaten, sowie allenfalls Angaben zu Ihrer Position oder Rolle bei der Organisation, in deren Namen Sie uns kontaktieren.<\/span><\/p>\n<p><span style=\"font-weight: 400;\">Wenn Sie kostenpflichtige Dienstleistungen bestellen, erfragen wir zudem Ihre Finanzdaten, z.B. Ihre bevorzugte Zahlungsmethode und die Rechnungsadresse.<\/span><\/p>\n<p><span style=\"font-weight: 400;\">Wir bearbeiten auch Personendaten, die wir von Dritten erhalten. Dazu geh\u00f6ren regelm\u00e4ssig Personendaten, die wir in der Korrespondenz oder in Besprechungen mit Kundinnen, Mitgliedern oder Gesch\u00e4ftspartnerinnen erhalten, z.B. Ihr Name und Angaben zu Ihrer T\u00e4tigkeit als Teammitglied der Kundin oder der Gesch\u00e4ftspartnerin.<\/span><\/p>\n<p><span style=\"font-weight: 400;\">Soweit zur Erreichung der in dieser Datenschutzerkl\u00e4rung beschriebenen Zwecke notwendig, erheben wir allgemeine Personendaten auch aus \u00f6ffentlich zug\u00e4nglichen Registern, Websites oder Plattformen (z.B. um Ihre Unterschriftsberechtigung zu verifizieren) oder indem wir Ausk\u00fcnfte bei Dritten einholen (z.B. zu Referenzzwecken im Bewerbungsprozess, wenn Sie dem zustimmen).<\/span><\/p>\n<p><b><br>Bereitstellung und Nutzung unserer Website<\/b> <b>und Online-Plattform<\/b><\/p>\n<p><i><span style=\"font-weight: 400;\">Nutzung zur Information<\/span><\/i><i><span style=\"font-weight: 400;\"><br><\/span><\/i><span style=\"font-weight: 400;\">Sie k\u00f6nnen sich auf der Website \u00fcber&nbsp;<\/span>SCHNEEMANN\u00ae-<span style=\"font-weight: 400;\">Klavierschule und unser Leistungsangebot informieren, ohne uns mitzuteilen, wer Sie sind. Wie bei jeder Verbindung mit einem Webserver, protokolliert und speichert der Server, auf dem wir die Website und die Online-Plattform bereitstellen lassen, automatisch gewisse technische Daten und speichert sie f\u00fcr kurze Zeit. Dazu geh\u00f6ren die IP-Adresse und das Betriebssystem Ihres Ger\u00e4ts, das Datum und der Zeitpunkt der Nutzung sowie die Art des Browsers, \u00fcber den Sie auf die Website oder Online-Plattform zugreifen.<\/span><\/p>\n<p><span style=\"font-weight: 400;\">Nutzung unserer Online-Plattform<\/span><\/p>\n<p><span style=\"font-weight: 400;\">Wir betreiben httpts:\/\/www.schneemann-klavierschule.com (\u00abOnline-Plattform\u00bb). Wenn Sie sich auf der Online-Plattform als Nutzer registrieren, erheben wir die von Ihnen an uns \u00fcbermittelten Informationen. Dazu geh\u00f6ren allgemeine Personendaten wie Name und Kontaktdaten sowie personenbezogene Informationen, die Sie oder andere Nutzer bei der Nutzung der Online-Plattform eingeben, hochladen, generieren, speichern und bearbeiten. Verantwortlich f\u00fcr die Bearbeitung von Personendaten unter Verwendung der Online-Plattform und bei deren Betrieb ist die jeweilige Kundin. Wir sind Auftragsbearbeiterin der Kundin. Bitte wenden Sie sich bei Fragen an die Kundin, die Ihnen den Zugang zur Online-Plattform verschafft.<\/span><\/p>\n<p><span style=\"font-weight: 400;\">Webanalyse<\/span><\/p>\n<p><span style=\"font-weight: 400;\">Wir verwenden Webanalyse-Dienste (derzeit WordPress Tool Stats), um die Nutzung der Website auszuwerten und Informationen f\u00fcr ihre Optimierung zu erhalten. Die von uns verwendeten Webanalyse-Dienste erheben und speichern Nutzungsdaten unter Verwendung von Cookies. Vor ihrer \u00dcbermittlung an einen Server ausserhalb der Schweiz\/EU\/EWR werden die anfragenden IP-Adressen gek\u00fcrzt. Wir \u00fcbermitteln somit keine Personendaten an die Anbieterin der Webanalysedienste im Ausland.<\/span><\/p>\n<p><span style=\"font-weight: 400;\">Werbetechnologien<\/span><\/p>\n<p><span style=\"font-weight: 400;\">Wir verwenden auf der Website Werbetechnologien. Damit k\u00f6nnen wir Personen, die unserer Website besuchen, beim Besuch anderer Websites mit f\u00fcr sie relevanter Werbung ansprechen. Die Werbemittel werden auf den von Ihnen besuchten Websites basierend auf einer Analyse Ihrer vorg\u00e4ngigen Nutzung unserer Website angezeigt. Hierf\u00fcr setzen die Anbieterinnen der Werbetechnologien beim Besuch unserer Website Cookies.&nbsp;<\/span><\/p>\n<p><span style=\"font-weight: 400;\">Social Plugins<\/span><\/p>\n<p><span style=\"font-weight: 400;\">Die auf der Website verwendeten Social Plugins erm\u00f6glichen es Ihnen, unsere Inhalte in sozialen Netzwerken zu empfehlen und zu teilen. Die Social Plugins k\u00f6nnen Sie auf der Website anhand der Logos des jeweiligen sozialen Netzwerks erkennen. Wenn Sie mit dem Social Plugin interagieren, werden Daten an die jeweilige Anbieterin des sozialen Netzwerks gesendet.&nbsp;<\/span><\/p>\n<p><span style=\"font-weight: 400;\">Ressourcen von externen Websites<\/span><\/p>\n<p><span style=\"font-weight: 400;\">Wir binden auf unserer Website Ressourcen von externen Servern ein. Diese enthalten sichtbare Inhalte (Videos, Musik, Bilder) sowie technische Ressourcen (Schriftarten).<\/span><\/p>\n<p><span style=\"font-weight: 400;\">Die technischen Ressourcen werden zur Verbesserung der Performance oder Sicherheit unserer Website verwendet. Beim Abruf dieser Ressourcen erf\u00e4hrt die Betreiberin der externen Server Ihre IP-Adresse und\/oder gewisse Randdaten, die f\u00fcr die Nutzung der Server der externen Betreiberin notwendig sind.&nbsp;<\/span><\/p>\n<p><span style=\"font-weight: 400;\">Anmerkung zum Einsatz von Cookies<\/span><\/p>\n<p><span style=\"font-weight: 400;\">Wir verwenden Cookies, Tags und \u00e4hnliche Technologien auf der Website, um Ihnen die bestm\u00f6gliche Benutzererfahrung zu bieten und um uns zu helfen, die Website zu verbessern. Cookies sind Textdateien, die auf Ihren Computer oder Ihr Mobilger\u00e4t heruntergeladen werden, wenn Sie eine Website besuchen oder eine App verwenden.<\/span><\/p>\n<p><span style=\"font-weight: 400;\">Einige der von uns verwendeten Cookies sind notwendig, um bestimmte Funktionen der Website zur Verf\u00fcgung zu stellen. Dar\u00fcber hinaus verwenden wir Cookies, um die Nutzung der Website zu analysieren und um Informationen zur Optimierung der Website zu erhalten.&nbsp;<\/span><\/p>\n<p><span style=\"font-weight: 400;\">Sie k\u00f6nnen Ihren Browser anweisen, keine Cookies zu akzeptieren oder Sie jeweils anzufragen, bevor ein Cookie gesetzt wird. Sie k\u00f6nnen auch Cookies auf Ihrem Ger\u00e4t l\u00f6schen, indem Sie die entsprechende Funktion Ihres Browsers benutzen.&nbsp;<\/span><\/p>\n<p><span style=\"font-weight: 400;\">Nutzung unserer Social-Media-Seiten&nbsp;<\/span><\/p>\n<p><span style=\"font-weight: 400;\">Auf unseren Seiten in sozialen Medien finden Sie Beitr\u00e4ge zu aktuellen Entwicklungen bei&nbsp;<\/span>SCHNEEMANN\u00ae-<span style=\"font-weight: 400;\">Klavierschule sowie zu unserem Leistungsangebot. Die Anbieterinnen der sozialen Medien erheben und analysieren Nutzungsdaten wie die Anzahl Besuche und demographische Angaben zu den Besuchern unserer Unternehmensseiten.<\/span><\/p>\n<p><span style=\"font-weight: 400;\">Wir erhalten von den Anbieterinnen der sozialen Medien basierend darauf erstellte Auswertungen. Diese enthalten nur aggregierte oder auf andere Weise gen\u00fcgend anonymisierte Daten. Nur die jeweilige Anbieterin kann Sie aufgrund der erhobenen Nutzungsdaten identifizieren. Beachten Sie daher bitte die Datenschutzhinweise der jeweiligen Anbieterin.&nbsp;<\/span><\/p>\n<p><span style=\"font-weight: 400;\">Nutzung und Optimierung unseres Newsletters<\/span><\/p>\n<p><span style=\"font-weight: 400;\">Wenn Sie sich f\u00fcr unseren Newsletter anmelden, erheben wir die von Ihnen an uns \u00fcbermittelten Informationen. Dazu geh\u00f6ren allgemeine Personendaten wie Vorname, Name und E-Mail-Adresse. Wir verwenden Analysedienste, um die Nutzung unseres Newsletters zu messen und zu analysieren. Die Analysedienste erheben und analysieren Nutzungsdaten wie die Anzahl Personen, die einen Newsletter ge\u00f6ffnet oder auf bestimmte Beitr\u00e4ge geklickt haben. Wir erhalten basierend darauf erstellte Auswertungen. Diese erm\u00f6glichen es uns, unseren Newsletter zu optimieren und Ihnen Inhalte bereitzustellen, die Sie interessieren.<\/span><\/p>\n<p><span style=\"font-weight: 400;\">Sie k\u00f6nnen uns auch jederzeit mitteilen, dass Sie in Zukunft auf den Erhalt unseres Newsletters verzichten m\u00f6chten. Bitte nutzen Sie hierzu den Abmeldelink am Ende des Newsletters. Wenn Sie auf diesen klicken, werden wir Ihre Nutzung des Newsletters k\u00fcnftig nicht mehr messen und analysieren.&nbsp;<\/span><\/p>\n<p><b><br>Zu welchen Zwecken wir Ihre Personendaten bearbeiten und auf welcher Basis<\/b><\/p>\n<p><span style=\"font-weight: 400;\">Ihre Personendaten bearbeiten wir prim\u00e4r, um \u00fcber unser Leistungsangebot zu informieren und unsere Leistungen entsprechend unseren vertraglichen und gesetzlichen Pflichten zu erbringen, zu dokumentieren und abzurechnen.<\/span><\/p>\n<p><span style=\"font-weight: 400;\">Zudem bearbeiten wir Ihre Personendaten zu folgenden Zwecken:<\/span><\/p>\n<ul>\n<li style=\"font-weight: 400;\" aria-level=\"1\"><span style=\"font-weight: 400;\">Beantwortung Ihrer Anfragen und Kommunikation mit Ihnen;<\/span><\/li>\n<li style=\"font-weight: 400;\" aria-level=\"1\"><span style=\"font-weight: 400;\">Bearbeitung Ihrer Registrierung oder Bestellungen<\/span><\/li>\n<li style=\"font-weight: 400;\" aria-level=\"1\"><span style=\"font-weight: 400;\">Bereitstellung der Website und der Online-Plattform;<\/span><\/li>\n<li style=\"font-weight: 400;\" aria-level=\"1\"><span style=\"font-weight: 400;\">Analyse und Optimierung der Nutzung der Website und der Online-Plattform<\/span><\/li>\n<li style=\"font-weight: 400;\" aria-level=\"1\"><span style=\"font-weight: 400;\">Marketing und Werbung;<\/span><\/li>\n<li style=\"font-weight: 400;\" aria-level=\"1\"><span style=\"font-weight: 400;\">Optimierung unserer Beitr\u00e4ge auf unseren Social-Media-Unternehmensseiten;<\/span><\/li>\n<li style=\"font-weight: 400;\" aria-level=\"1\"><span style=\"font-weight: 400;\">Information \u00fcber neue Entwicklungen bei SCHNEEMANN\u00ae-Klavierschule und \u00fcber neue Dienstleistungen<\/span><\/li>\n<li style=\"font-weight: 400;\" aria-level=\"1\"><span style=\"font-weight: 400;\">Erf\u00fcllung gesetzlicher Pflichten; und<\/span><\/li>\n<li style=\"font-weight: 400;\" aria-level=\"1\"><span style=\"font-weight: 400;\">Durchsetzung von Rechtsanspr\u00fcchen.<\/span><\/li>\n<\/ul>\n<p><span style=\"font-weight: 400;\">Wir oder Dritte (z.B. unsere Kunden) haben ein den genannten Zwecken entsprechendes berechtigtes Interesse an der Bearbeitung Ihrer Personendaten. Einige Bearbeitungen sind zudem notwendig, damit wir unsere vertraglichen Pflichten Ihnen gegen\u00fcber oder unsere gesetzlichen Pflichten (z.B. Aufbewahrungspflichten) erf\u00fcllen k\u00f6nnen. Auf dieser Basis bearbeiten wir Ihre Personendaten, wenn und soweit das anwendbare Datenschutzrecht f\u00fcr die Rechtm\u00e4ssigkeit der Datenbearbeitung generell oder f\u00fcr bestimmte Bearbeitungst\u00e4tigkeiten eine Rechtsgrundlage oder Rechtfertigung erfordert.<\/span><\/p>\n<p><b><br>Wie wir Ihre Personendaten speichern und sch\u00fctzen<\/b><\/p>\n<p><span style=\"font-weight: 400;\">Wir speichern Ihre Personendaten nur in dem Umfang und so lange, wie dies f\u00fcr die Erf\u00fcllung der in dieser Datenschutzerkl\u00e4rung beschriebenen Zwecke oder zur Erf\u00fcllung gesetzlicher Pflichten notwendig ist.<\/span><\/p>\n<p><span style=\"font-weight: 400;\">Im Interesse der Integrit\u00e4t und der Vertraulichkeit der Personendaten treffen wir angemessene technische und organisatorische Massnahmen. Wir implementieren entsprechend unserer Risikobeurteilung insbesondere Zugangskontrollen, Zugriffskontrollen sowie Verfahren zur regelm\u00e4ssigen \u00dcberpr\u00fcfung, Bewertung und Evaluierung der Wirksamkeit der Massnahmen.<\/span><\/p>\n<p><span style=\"font-weight: 400;\">An wen wir Ihre Personendaten weitergeben<\/span><\/p>\n<p><span style=\"font-weight: 400;\">Zur Erreichung der in dieser Datenschutzerkl\u00e4rung beschriebenen Zwecke kann es notwendig sein, dass wir Ihre Personendaten an andere Unternehmen weitergeben. Es handelt sich um folgende Kategorien von Empf\u00e4ngerinnen:<\/span><\/p>\n<ul>\n<li style=\"font-weight: 400;\" aria-level=\"1\"><span style=\"font-weight: 400;\">interne Stellen;<\/span><\/li>\n<li style=\"font-weight: 400;\" aria-level=\"1\"><span style=\"font-weight: 400;\">externe Dienstleisterinnen;<\/span><\/li>\n<li style=\"font-weight: 400;\" aria-level=\"1\"><span style=\"font-weight: 400;\">(gegebenenfalls) Beh\u00f6rden und Gerichte.<\/span><\/li>\n<\/ul>\n<p><b><\/b><\/p>\n<p><b><br><\/b><\/p>\n<p><b>Ort der Bearbeitung<\/b><\/p>\n<p><span style=\"font-weight: 400;\">Ihre Personendaten speichern und bearbeiten wir prim\u00e4r in der Schweiz und in der EU.Wir k\u00f6nnen Ihre Personendaten aber auch an Empf\u00e4ngerinnen in L\u00e4ndern&nbsp;ausserhalb der Schweiz oder der EU (Weltweit, insbesondere USA) \u00fcbermitteln. Daten\u00fcbermittlungen in L\u00e4nder ohne angemessenen Datenschutz nehmen wir dabei gest\u00fctzt auf Standard-Datenschutzklauseln oder gesetzliche Ausnahmen (z.B. Notwendigkeit zur Vertragserf\u00fcllung) vor.&nbsp;<\/span><\/p>\n<p><b><br>Ihre Rechte in Bezug auf Ihre Personendaten<\/b><\/p>\n<p><span style=\"font-weight: 400;\">Sie haben die folgenden Rechte in Bezug auf Personendaten, die Sie betreffen:<\/span><\/p>\n<ul>\n<li style=\"font-weight: 400;\" aria-level=\"1\"><span style=\"font-weight: 400;\">Das Recht, Auskunft dar\u00fcber zu erhalten, welche Personendaten wir \u00fcber Sie speichern und wie wir diese bearbeiten;<\/span><\/li>\n<li style=\"font-weight: 400;\" aria-level=\"1\"><span style=\"font-weight: 400;\">das Recht auf Herausgabe oder \u00dcbertragung einer Kopie Ihrer Personendaten in einem g\u00e4ngigen Format;<\/span><\/li>\n<li style=\"font-weight: 400;\" aria-level=\"1\"><span style=\"font-weight: 400;\">das Recht auf Berichtigung Ihrer Personendaten;<\/span><\/li>\n<li style=\"font-weight: 400;\" aria-level=\"1\"><span style=\"font-weight: 400;\">das Recht auf L\u00f6schung Ihrer Personendaten; sowie<\/span><\/li>\n<li style=\"font-weight: 400;\" aria-level=\"1\"><span style=\"font-weight: 400;\">das Recht, Bearbeitungen Ihrer Personendaten zu widersprechen.<\/span><\/li>\n<\/ul>\n<p><span style=\"font-weight: 400;\">Beachten Sie bitte, dass f\u00fcr diese Rechte gesetzliche Voraussetzungen und Ausnahmen gelten. Soweit rechtlich zul\u00e4ssig, k\u00f6nnen wir Ihre Anfrage zur Aus\u00fcbung dieser Rechte ablehnen. Sie haben ausserdem das Recht, bei der zust\u00e4ndigen Datenschutzaufsichtsbeh\u00f6rde eine Beschwerde einzureichen.<\/span><\/p>\n<p><b><br>Wie wir diese Datenschutzerkl\u00e4rung \u00e4ndern k\u00f6nnen<\/b><\/p>\n<p><span style=\"font-weight: 400;\">Wir k\u00f6nnen diese Datenschutzerkl\u00e4rung jederzeit \u00e4ndern, insbesondere wenn wir unsere Datenbearbeitungen \u00e4ndern oder wenn neue Rechtsvorschriften anwendbar werden. Es gilt die jeweils https:\/\/www.schneemann-klavierschule.com\/datenschutz bereitgestellte Version.<\/span><\/p>\n<p><!-- \/wp:paragraph --><\/p>\t\t\t\t\t\t<\/div>\n\t\t\t\t<\/div>\n\t\t\t\t<div class=\"elementor-element elementor-element-274a4e4 elementor-widget elementor-widget-spacer\" data-id=\"274a4e4\" data-element_type=\"widget\" data-widget_type=\"spacer.default\">\n\t\t\t\t<div class=\"elementor-widget-container\">\n\t\t\t<style>\/*! elementor - v3.15.0 - 02-08-2023 *\/\n.elementor-column .elementor-spacer-inner{height:var(--spacer-size)}.e-con{--container-widget-width:100%}.e-con-inner>.elementor-widget-spacer,.e-con>.elementor-widget-spacer{width:var(--container-widget-width,var(--spacer-size));--align-self:var(--container-widget-align-self,initial);--flex-shrink:0}.e-con-inner>.elementor-widget-spacer>.elementor-widget-container,.e-con-inner>.elementor-widget-spacer>.elementor-widget-container>.elementor-spacer,.e-con>.elementor-widget-spacer>.elementor-widget-container,.e-con>.elementor-widget-spacer>.elementor-widget-container>.elementor-spacer{height:100%}.e-con-inner>.elementor-widget-spacer>.elementor-widget-container>.elementor-spacer>.elementor-spacer-inner,.e-con>.elementor-widget-spacer>.elementor-widget-container>.elementor-spacer>.elementor-spacer-inner{height:var(--container-widget-height,var(--spacer-size))}<\/style>\t\t<div class=\"elementor-spacer\">\n\t\t\t<div class=\"elementor-spacer-inner\"><\/div>\n\t\t<\/div>\n\t\t\t\t<\/div>\n\t\t\t\t<\/div>\n\t\t\t\t\t<\/div>\n\t\t<\/div>\n\t\t\t\t\t\t\t<\/div>\n\t\t<\/section>\n\t\t\t\t\t\t\t<\/div>","protected":false},"excerpt":{"rendered":"<p>Datenschutzerkl\u00e4rung Datenschutz und Datensicherheit sind wichtig f\u00fcr die\u00a0SCHNEEMANN\u00ae-Klavierschule (\u00abSchneemann-Klavierschule\u00bb; \u00abwir\u00bb). Wir bearbeiten Ihre Personendaten verantwortungsbewusst, in \u00dcbereinstimmung mit anwendbaren gesetzlichen Bestimmungen und gem\u00e4ss dieser Datenschutzerkl\u00e4rung. Inhalt dieser Datenschutzerkl\u00e4rung In dieser Datenschutzerkl\u00e4rung informieren wir Sie dar\u00fcber, wie wir Personendaten erheben und bearbeiten, wenn Sie unsere Website unter https:\/\/www.schneemann-klavierschule.com (\u00abWebsite\u00bb) oder Social-Media-Seiten besuchen, uns kontaktieren oder unsere [&hellip;]<\/p>","protected":false},"author":1,"featured_media":0,"parent":0,"menu_order":0,"comment_status":"closed","ping_status":"closed","template":"","meta":{"footnotes":""},"class_list":["post-265","page","type-page","status-publish","hentry"],"_links":{"self":[{"href":"https:\/\/1502.dev.foxwork.it\/en\/wp-json\/wp\/v2\/pages\/265","targetHints":{"allow":["GET"]}}],"collection":[{"href":"https:\/\/1502.dev.foxwork.it\/en\/wp-json\/wp\/v2\/pages"}],"about":[{"href":"https:\/\/1502.dev.foxwork.it\/en\/wp-json\/wp\/v2\/types\/page"}],"author":[{"embeddable":true,"href":"https:\/\/1502.dev.foxwork.it\/en\/wp-json\/wp\/v2\/users\/1"}],"replies":[{"embeddable":true,"href":"https:\/\/1502.dev.foxwork.it\/en\/wp-json\/wp\/v2\/comments?post=265"}],"version-history":[{"count":0,"href":"https:\/\/1502.dev.foxwork.it\/en\/wp-json\/wp\/v2\/pages\/265\/revisions"}],"wp:attachment":[{"href":"https:\/\/1502.dev.foxwork.it\/en\/wp-json\/wp\/v2\/media?parent=265"}],"curies":[{"name":"wp","href":"https:\/\/api.w.org\/{rel}","templated":true}]}}