{"id":273,"date":"2023-08-23T06:34:26","date_gmt":"2023-08-23T06:34:26","guid":{"rendered":"https:\/\/1502.dev.foxwork.it\/?page_id=273"},"modified":"2025-02-18T08:09:54","modified_gmt":"2025-02-18T07:09:54","slug":"online-session-aufzeichnung","status":"publish","type":"page","link":"https:\/\/1502.dev.foxwork.it\/en\/online-session-aufzeichnung\/","title":{"rendered":"Online Session Aufzeichnung"},"content":{"rendered":"<div data-elementor-type=\"wp-page\" data-elementor-id=\"273\" class=\"elementor elementor-273\" data-elementor-post-type=\"page\">\n\t\t\t\t\t\t\t\t\t<section class=\"elementor-section elementor-top-section elementor-element elementor-element-90267a2 elementor-section-boxed elementor-section-height-default elementor-section-height-default\" data-id=\"90267a2\" data-element_type=\"section\" data-settings=\"{&quot;background_background&quot;:&quot;classic&quot;}\">\n\t\t\t\t\t\t<div class=\"elementor-container elementor-column-gap-default\">\n\t\t\t\t\t<div class=\"elementor-column elementor-col-100 elementor-top-column elementor-element elementor-element-342db1d\" data-id=\"342db1d\" data-element_type=\"column\">\n\t\t\t<div class=\"elementor-widget-wrap elementor-element-populated\">\n\t\t\t\t\t\t\t\t<div class=\"elementor-element elementor-element-530cf29 elementor-widget elementor-widget-text-editor\" data-id=\"530cf29\" data-element_type=\"widget\" data-widget_type=\"text-editor.default\">\n\t\t\t\t<div class=\"elementor-widget-container\">\n\t\t\t<style>\/*! elementor - v3.15.0 - 02-08-2023 *\/\n.elementor-widget-text-editor.elementor-drop-cap-view-stacked .elementor-drop-cap{background-color:#69727d;color:#fff}.elementor-widget-text-editor.elementor-drop-cap-view-framed .elementor-drop-cap{color:#69727d;border:3px solid;background-color:transparent}.elementor-widget-text-editor:not(.elementor-drop-cap-view-default) .elementor-drop-cap{margin-top:8px}.elementor-widget-text-editor:not(.elementor-drop-cap-view-default) .elementor-drop-cap-letter{width:1em;height:1em}.elementor-widget-text-editor .elementor-drop-cap{float:left;text-align:center;line-height:1;font-size:50px}.elementor-widget-text-editor .elementor-drop-cap-letter{display:inline-block}<\/style>\t\t\t\t<h1>ONLINE SESSION<\/h1><h1>\u201eDAS VORZEICHENSPIEL PHANTASIEVOLL &amp; STRUKTURIERT MEISTERN\u201c<\/h1>\t\t\t\t\t\t<\/div>\n\t\t\t\t<\/div>\n\t\t\t\t\t<\/div>\n\t\t<\/div>\n\t\t\t\t\t\t\t<\/div>\n\t\t<\/section>\n\t\t\t\t<section class=\"elementor-section elementor-top-section elementor-element elementor-element-a488677 elementor-section-boxed elementor-section-height-default elementor-section-height-default\" data-id=\"a488677\" data-element_type=\"section\" data-settings=\"{&quot;background_background&quot;:&quot;classic&quot;}\">\n\t\t\t\t\t\t<div class=\"elementor-container elementor-column-gap-default\">\n\t\t\t\t\t<div class=\"elementor-column elementor-col-100 elementor-top-column elementor-element elementor-element-76d46b4\" data-id=\"76d46b4\" data-element_type=\"column\">\n\t\t\t<div class=\"elementor-widget-wrap elementor-element-populated\">\n\t\t\t\t\t\t\t\t<div class=\"elementor-element elementor-element-afae3df elementor-widget elementor-widget-spacer\" data-id=\"afae3df\" data-element_type=\"widget\" data-widget_type=\"spacer.default\">\n\t\t\t\t<div class=\"elementor-widget-container\">\n\t\t\t<style>\/*! elementor - v3.15.0 - 02-08-2023 *\/\n.elementor-column .elementor-spacer-inner{height:var(--spacer-size)}.e-con{--container-widget-width:100%}.e-con-inner>.elementor-widget-spacer,.e-con>.elementor-widget-spacer{width:var(--container-widget-width,var(--spacer-size));--align-self:var(--container-widget-align-self,initial);--flex-shrink:0}.e-con-inner>.elementor-widget-spacer>.elementor-widget-container,.e-con-inner>.elementor-widget-spacer>.elementor-widget-container>.elementor-spacer,.e-con>.elementor-widget-spacer>.elementor-widget-container,.e-con>.elementor-widget-spacer>.elementor-widget-container>.elementor-spacer{height:100%}.e-con-inner>.elementor-widget-spacer>.elementor-widget-container>.elementor-spacer>.elementor-spacer-inner,.e-con>.elementor-widget-spacer>.elementor-widget-container>.elementor-spacer>.elementor-spacer-inner{height:var(--container-widget-height,var(--spacer-size))}<\/style>\t\t<div class=\"elementor-spacer\">\n\t\t\t<div class=\"elementor-spacer-inner\"><\/div>\n\t\t<\/div>\n\t\t\t\t<\/div>\n\t\t\t\t<\/div>\n\t\t\t\t\t<\/div>\n\t\t<\/div>\n\t\t\t\t\t\t\t<\/div>\n\t\t<\/section>\n\t\t\t\t<section class=\"elementor-section elementor-top-section elementor-element elementor-element-b9ff351 elementor-section-boxed elementor-section-height-default elementor-section-height-default\" data-id=\"b9ff351\" data-element_type=\"section\" data-settings=\"{&quot;background_background&quot;:&quot;classic&quot;}\">\n\t\t\t\t\t\t<div class=\"elementor-container elementor-column-gap-default\">\n\t\t\t\t\t<div class=\"elementor-column elementor-col-50 elementor-top-column elementor-element elementor-element-c532ebd\" data-id=\"c532ebd\" data-element_type=\"column\">\n\t\t\t<div class=\"elementor-widget-wrap elementor-element-populated\">\n\t\t\t\t\t\t\t\t<div class=\"elementor-element elementor-element-3aa7257 elementor-widget elementor-widget-text-editor\" data-id=\"3aa7257\" data-element_type=\"widget\" data-widget_type=\"text-editor.default\">\n\t\t\t\t<div class=\"elementor-widget-container\">\n\t\t\t\t\t\t\t<p><strong>Verzweifeln deine Klaviersch\u00fcler auch immer wieder am Spiel mit Vorzeichen? Und das, obwohl du schon verschiedene Ans\u00e4tze versucht hast, diese Blockaden zu l\u00f6sen?<\/strong><\/p><p><strong>Damit bist du nicht allein! \ud83d\ude4f\ud83c\udffc<\/strong><\/p>\t\t\t\t\t\t<\/div>\n\t\t\t\t<\/div>\n\t\t\t\t<div class=\"elementor-element elementor-element-45cb2ba elementor-widget elementor-widget-text-editor\" data-id=\"45cb2ba\" data-element_type=\"widget\" data-widget_type=\"text-editor.default\">\n\t\t\t\t<div class=\"elementor-widget-container\">\n\t\t\t\t\t\t\t<p>Die Teilnehmer meiner SCHNEEMANN\u00ae-Klavierlehrer Ausbildung erhalten von mir eine nachvollziehbare und vielfach bew\u00e4hrte Schritt-f\u00fcr-Schritt-Anleitung, mit der keiner ihrer zuk\u00fcnftigen Sch\u00fcler jemals wieder an Vorzeichen verzweifeln wird.\u00a0<\/p><p>Dieses wertvolle und hilfreiche Werkzeug des SCHNEEMANN\u00ae-Klavierlernsystems m\u00f6chte ich auch DIR in dieser Online-Session vermitteln.<\/p>\t\t\t\t\t\t<\/div>\n\t\t\t\t<\/div>\n\t\t\t\t<div class=\"elementor-element elementor-element-18f5f68 elementor-align-center elementor-widget elementor-widget-button\" data-id=\"18f5f68\" data-element_type=\"widget\" data-widget_type=\"button.default\">\n\t\t\t\t<div class=\"elementor-widget-container\">\n\t\t\t\t\t<div class=\"elementor-button-wrapper\">\n\t\t\t<a class=\"elementor-button elementor-button-link elementor-size-xs\" href=\"https:\/\/www.digistore24.com\/product\/517000\" target=\"_blank\" rel=\"noopener\">\n\t\t\t\t\t\t<span class=\"elementor-button-content-wrapper\">\n\t\t\t\t\t\t<span class=\"elementor-button-text\">Das will ich!<\/span>\n\t\t<\/span>\n\t\t\t\t\t<\/a>\n\t\t<\/div>\n\t\t\t\t<\/div>\n\t\t\t\t<\/div>\n\t\t\t\t\t<\/div>\n\t\t<\/div>\n\t\t\t\t<div class=\"elementor-column elementor-col-50 elementor-top-column elementor-element elementor-element-5381302 elementor-hidden-mobile\" data-id=\"5381302\" data-element_type=\"column\" data-settings=\"{&quot;background_background&quot;:&quot;classic&quot;}\">\n\t\t\t<div class=\"elementor-widget-wrap elementor-element-populated\">\n\t\t\t\t\t\t\t\t<div class=\"elementor-element elementor-element-dcf8d30 elementor-widget elementor-widget-image\" data-id=\"dcf8d30\" data-element_type=\"widget\" data-widget_type=\"image.default\">\n\t\t\t\t<div class=\"elementor-widget-container\">\n\t\t\t<style>\/*! elementor - v3.15.0 - 02-08-2023 *\/\n.elementor-widget-image{text-align:center}.elementor-widget-image a{display:inline-block}.elementor-widget-image a img[src$=\".svg\"]{width:48px}.elementor-widget-image img{vertical-align:middle;display:inline-block}<\/style>\t\t\t\t\t\t\t\t\t\t\t\t<img loading=\"lazy\" decoding=\"async\" width=\"1414\" height=\"1885\" src=\"https:\/\/1502.dev.foxwork.it\/wp-content\/uploads\/2023\/08\/Schneemann-Klavierschule-1.jpg\" class=\"attachment-full size-full wp-image-269\" alt=\"Schneemann-Klavierschule\" srcset=\"https:\/\/1502.dev.foxwork.it\/wp-content\/uploads\/2023\/08\/Schneemann-Klavierschule-1.jpg 1414w, https:\/\/1502.dev.foxwork.it\/wp-content\/uploads\/2023\/08\/Schneemann-Klavierschule-1-225x300.jpg 225w, https:\/\/1502.dev.foxwork.it\/wp-content\/uploads\/2023\/08\/Schneemann-Klavierschule-1-768x1024.jpg 768w, https:\/\/1502.dev.foxwork.it\/wp-content\/uploads\/2023\/08\/Schneemann-Klavierschule-1-1152x1536.jpg 1152w\" sizes=\"auto, (max-width: 1414px) 100vw, 1414px\" \/>\t\t\t\t\t\t\t\t\t\t\t\t\t\t\t<\/div>\n\t\t\t\t<\/div>\n\t\t\t\t\t<\/div>\n\t\t<\/div>\n\t\t\t\t\t\t\t<\/div>\n\t\t<\/section>\n\t\t\t\t<section class=\"elementor-section elementor-top-section elementor-element elementor-element-467c106 elementor-section-boxed elementor-section-height-default elementor-section-height-default\" data-id=\"467c106\" data-element_type=\"section\" data-settings=\"{&quot;background_background&quot;:&quot;classic&quot;}\">\n\t\t\t\t\t\t<div class=\"elementor-container elementor-column-gap-default\">\n\t\t\t\t\t<div class=\"elementor-column elementor-col-100 elementor-top-column elementor-element elementor-element-7e4148f\" data-id=\"7e4148f\" data-element_type=\"column\">\n\t\t\t<div class=\"elementor-widget-wrap elementor-element-populated\">\n\t\t\t\t\t\t\t\t<div class=\"elementor-element elementor-element-dc744dc elementor-widget elementor-widget-text-editor\" data-id=\"dc744dc\" data-element_type=\"widget\" data-widget_type=\"text-editor.default\">\n\t\t\t\t<div class=\"elementor-widget-container\">\n\t\t\t\t\t\t\t<p><strong>Du m\u00f6chtest wissen, was dich erwartet? Dann lie\u00df weiter!<\/strong><\/p>\t\t\t\t\t\t<\/div>\n\t\t\t\t<\/div>\n\t\t\t\t<div class=\"elementor-element elementor-element-0dbdcb8 elementor-widget elementor-widget-text-editor\" data-id=\"0dbdcb8\" data-element_type=\"widget\" data-widget_type=\"text-editor.default\">\n\t\t\t\t<div class=\"elementor-widget-container\">\n\t\t\t\t\t\t\tUm deinen Sch\u00fclern eine optimale Unterst\u00fctzung bieten zu k\u00f6nnen, ist es wichtig, dass drei Grundbausteine ber\u00fccksichtigt werden:\n<ol>\n \t<li>Immer im Zusammenhang denken.<\/li>\n \t<li>Immer in Gruppen denken.<\/li>\n \t<li>Immer vom Gro\u00dfen\/ Ganzen zum Kleinen.<\/li>\n<\/ol>\n<br><br>Konkret bedeutet das Folgendes f\u00fcr dich als P\u00e4dagoge: Vernetztes Denken bedeutet, komplexe Zusammenh\u00e4nge erkennen und verstehen zu k\u00f6nnen. So werden beide Gehirnh\u00e4lften in das Lernen integriert und deine Sch\u00fcler werden schneller und effektiver Fortschritte machen \u2013 garantiert! Sinnvolle Gruppierungen entspannen zudem das Gehirn und erleichtern das Lernen zus\u00e4tzlich, weil die linke und rechte Gehirnh\u00e4lfte in rationalem und bildhaftem Denken miteinander arbeiten. Wenn du es dann noch schaffst, die komplexen Inhalte auf einfache Bestandteile zu reduzieren, fangen deine Sch\u00fcler nicht zu kleinschrittig an, entwickeln ein allgemeines Verstehen und bildhafte Vorstellungen und erzielen schnell erste motivierende Erfolge. An der Feinmotorik wird dann im Nachhinein gefeilt.\n\n<br><br>Warum diese Methode so erfolgreich ist? Die Basis ist das Lehren mit dem Verst\u00e4ndnis dar\u00fcber, WIE Lernen eigentlich funktioniert &#8211; und das (<strong>wohlgemerkt f\u00fcr den Sch\u00fcler<\/strong>) leicht UND schnell.\n\nErste Erfolge motivieren nachhaltig und helfen dir und deinen Klaviersch\u00fclern, mit Spa\u00df und Erfolg das Vorzeichenspiel zu meistern.\t\t\t\t\t\t<\/div>\n\t\t\t\t<\/div>\n\t\t\t\t<div class=\"elementor-element elementor-element-1684d93 elementor-align-center elementor-widget elementor-widget-button\" data-id=\"1684d93\" data-element_type=\"widget\" data-widget_type=\"button.default\">\n\t\t\t\t<div class=\"elementor-widget-container\">\n\t\t\t\t\t<div class=\"elementor-button-wrapper\">\n\t\t\t<a class=\"elementor-button elementor-button-link elementor-size-xs\" href=\"https:\/\/www.digistore24.com\/product\/517000\" target=\"_blank\" rel=\"noopener\">\n\t\t\t\t\t\t<span class=\"elementor-button-content-wrapper\">\n\t\t\t\t\t\t<span class=\"elementor-button-text\">Hier geht's zur Online-Session f\u00fcr nur 79\u20ac<\/span>\n\t\t<\/span>\n\t\t\t\t\t<\/a>\n\t\t<\/div>\n\t\t\t\t<\/div>\n\t\t\t\t<\/div>\n\t\t\t\t<div class=\"elementor-element elementor-element-20a0f81 elementor-widget elementor-widget-spacer\" data-id=\"20a0f81\" data-element_type=\"widget\" data-widget_type=\"spacer.default\">\n\t\t\t\t<div class=\"elementor-widget-container\">\n\t\t\t\t\t<div class=\"elementor-spacer\">\n\t\t\t<div class=\"elementor-spacer-inner\"><\/div>\n\t\t<\/div>\n\t\t\t\t<\/div>\n\t\t\t\t<\/div>\n\t\t\t\t\t<\/div>\n\t\t<\/div>\n\t\t\t\t\t\t\t<\/div>\n\t\t<\/section>\n\t\t\t\t\t\t\t<\/div>","protected":false},"excerpt":{"rendered":"<p>ONLINE SESSION \u201eDAS VORZEICHENSPIEL PHANTASIEVOLL &amp; STRUKTURIERT MEISTERN\u201c Verzweifeln deine Klaviersch\u00fcler auch immer wieder am Spiel mit Vorzeichen? Und das, obwohl du schon verschiedene Ans\u00e4tze versucht hast, diese Blockaden zu l\u00f6sen? Damit bist du nicht allein! \ud83d\ude4f\ud83c\udffc Die Teilnehmer meiner SCHNEEMANN\u00ae-Klavierlehrer Ausbildung erhalten von mir eine nachvollziehbare und vielfach bew\u00e4hrte Schritt-f\u00fcr-Schritt-Anleitung, mit der keiner ihrer [&hellip;]<\/p>","protected":false},"author":1,"featured_media":0,"parent":0,"menu_order":0,"comment_status":"closed","ping_status":"closed","template":"elementor_header_footer","meta":{"footnotes":""},"class_list":["post-273","page","type-page","status-publish","hentry"],"_links":{"self":[{"href":"https:\/\/1502.dev.foxwork.it\/en\/wp-json\/wp\/v2\/pages\/273","targetHints":{"allow":["GET"]}}],"collection":[{"href":"https:\/\/1502.dev.foxwork.it\/en\/wp-json\/wp\/v2\/pages"}],"about":[{"href":"https:\/\/1502.dev.foxwork.it\/en\/wp-json\/wp\/v2\/types\/page"}],"author":[{"embeddable":true,"href":"https:\/\/1502.dev.foxwork.it\/en\/wp-json\/wp\/v2\/users\/1"}],"replies":[{"embeddable":true,"href":"https:\/\/1502.dev.foxwork.it\/en\/wp-json\/wp\/v2\/comments?post=273"}],"version-history":[{"count":0,"href":"https:\/\/1502.dev.foxwork.it\/en\/wp-json\/wp\/v2\/pages\/273\/revisions"}],"wp:attachment":[{"href":"https:\/\/1502.dev.foxwork.it\/en\/wp-json\/wp\/v2\/media?parent=273"}],"curies":[{"name":"wp","href":"https:\/\/api.w.org\/{rel}","templated":true}]}}