{"id":52,"date":"2023-08-08T13:21:24","date_gmt":"2023-08-08T13:21:24","guid":{"rendered":"https:\/\/1502.dev.foxwork.it\/?page_id=52"},"modified":"2025-01-23T08:25:30","modified_gmt":"2025-01-23T07:25:30","slug":"impressum","status":"publish","type":"page","link":"https:\/\/1502.dev.foxwork.it\/en\/impressum\/","title":{"rendered":"Imprint"},"content":{"rendered":"<div data-elementor-type=\"wp-page\" data-elementor-id=\"52\" class=\"elementor elementor-52\" data-elementor-post-type=\"page\">\n\t\t\t\t\t\t\t\t\t<section class=\"elementor-section elementor-top-section elementor-element elementor-element-5e72a53 elementor-section-boxed elementor-section-height-default elementor-section-height-default\" data-id=\"5e72a53\" data-element_type=\"section\">\n\t\t\t\t\t\t<div class=\"elementor-container elementor-column-gap-default\">\n\t\t\t\t\t<div class=\"elementor-column elementor-col-100 elementor-top-column elementor-element elementor-element-0ee3a4c\" data-id=\"0ee3a4c\" data-element_type=\"column\">\n\t\t\t<div class=\"elementor-widget-wrap elementor-element-populated\">\n\t\t\t\t\t\t\t\t<div class=\"elementor-element elementor-element-3fe910a elementor-widget elementor-widget-heading\" data-id=\"3fe910a\" data-element_type=\"widget\" data-widget_type=\"heading.default\">\n\t\t\t\t<div class=\"elementor-widget-container\">\n\t\t\t<style>\/*! elementor - v3.15.0 - 02-08-2023 *\/\n.elementor-heading-title{padding:0;margin:0;line-height:1}.elementor-widget-heading .elementor-heading-title[class*=elementor-size-]>a{color:inherit;font-size:inherit;line-height:inherit}.elementor-widget-heading .elementor-heading-title.elementor-size-small{font-size:15px}.elementor-widget-heading .elementor-heading-title.elementor-size-medium{font-size:19px}.elementor-widget-heading .elementor-heading-title.elementor-size-large{font-size:29px}.elementor-widget-heading .elementor-heading-title.elementor-size-xl{font-size:39px}.elementor-widget-heading .elementor-heading-title.elementor-size-xxl{font-size:59px}<\/style><h1 class=\"elementor-heading-title elementor-size-default\">Imprint<\/h1>\t\t<\/div>\n\t\t\t\t<\/div>\n\t\t\t\t<div class=\"elementor-element elementor-element-c3041d8 elementor-widget elementor-widget-text-editor\" data-id=\"c3041d8\" data-element_type=\"widget\" data-widget_type=\"text-editor.default\">\n\t\t\t\t<div class=\"elementor-widget-container\">\n\t\t\t<style>\/*! elementor - v3.15.0 - 02-08-2023 *\/\n.elementor-widget-text-editor.elementor-drop-cap-view-stacked .elementor-drop-cap{background-color:#69727d;color:#fff}.elementor-widget-text-editor.elementor-drop-cap-view-framed .elementor-drop-cap{color:#69727d;border:3px solid;background-color:transparent}.elementor-widget-text-editor:not(.elementor-drop-cap-view-default) .elementor-drop-cap{margin-top:8px}.elementor-widget-text-editor:not(.elementor-drop-cap-view-default) .elementor-drop-cap-letter{width:1em;height:1em}.elementor-widget-text-editor .elementor-drop-cap{float:left;text-align:center;line-height:1;font-size:50px}.elementor-widget-text-editor .elementor-drop-cap-letter{display:inline-block}<\/style>\t\t\t\t<p>SCHNEEMANN\u00ae-Klavierlernsystem und Lehrmittelverlag<\/p><p>CH-470.818.887<\/p><p><strong>Anschrift:<\/strong>\u00a0CH-6053 Alpnachstad, Kapellenmattli 4<\/p><p><strong>Telefon:<\/strong>\u00a00041 79 267 85 10<\/p><p><strong>E-Mail:<\/strong>\u00a0<a href=\"mailto:info@schneemann-klavierschule.com\">info@schneemann-klavierschule.com<\/a><\/p><p><strong>Gesch\u00e4ftsf\u00fchrerin\/Inhaberin:<\/strong>\u00a0Mailyn Rebecca Henseler<\/p>\t\t\t\t\t\t<\/div>\n\t\t\t\t<\/div>\n\t\t\t\t<div class=\"elementor-element elementor-element-ed2c730 elementor-widget elementor-widget-text-editor\" data-id=\"ed2c730\" data-element_type=\"widget\" data-widget_type=\"text-editor.default\">\n\t\t\t\t<div class=\"elementor-widget-container\">\n\t\t\t\t\t\t\t<div class=\"ql-block\" data-block-id=\"block-7f930f81-d141-4a51-971e-f309e630b9c9\">SCHNEEMANN, SCHNEEMANN-METHODE, SNOWMAN und NPP sind durch Anmeldung im Markenregister des Eidgen\u00f6ssischen Instituts f\u00fcr Geistiges Eigentum in der Schweiz gesch\u00fctzte Wortmarken.<\/div><div class=\"ql-block\" data-block-id=\"block-0eb8d2ac-dd4e-42fb-9b2e-3d3ab6f26fa1\">SCHNEEMANN: Markennummer 763310<\/div><div class=\"ql-block\" data-block-id=\"block-b2280d9b-313a-42c4-8faa-3003f55bbc62\">SCHNEEMANN-METHODE: Markennummer 584411<\/div><div class=\"ql-block\" data-block-id=\"block-8b2200e9-cb01-4187-922a-89d658a3aea4\">SNOWMAN: Markennummer 781531<\/div><div class=\"ql-block\" data-block-id=\"block-9e950ba0-536c-42da-9fcd-6593848af3d5\">NPP: Markennummer 818236<\/div><div data-block-id=\"block-9e950ba0-536c-42da-9fcd-6593848af3d5\">\u00a0<\/div><div data-block-id=\"block-9e950ba0-536c-42da-9fcd-6593848af3d5\">Bilder: Janos Klotz<\/div>\t\t\t\t\t\t<\/div>\n\t\t\t\t<\/div>\n\t\t\t\t<div class=\"elementor-element elementor-element-f256548 elementor-widget elementor-widget-spacer\" data-id=\"f256548\" data-element_type=\"widget\" data-widget_type=\"spacer.default\">\n\t\t\t\t<div class=\"elementor-widget-container\">\n\t\t\t<style>\/*! elementor - v3.15.0 - 02-08-2023 *\/\n.elementor-column .elementor-spacer-inner{height:var(--spacer-size)}.e-con{--container-widget-width:100%}.e-con-inner>.elementor-widget-spacer,.e-con>.elementor-widget-spacer{width:var(--container-widget-width,var(--spacer-size));--align-self:var(--container-widget-align-self,initial);--flex-shrink:0}.e-con-inner>.elementor-widget-spacer>.elementor-widget-container,.e-con-inner>.elementor-widget-spacer>.elementor-widget-container>.elementor-spacer,.e-con>.elementor-widget-spacer>.elementor-widget-container,.e-con>.elementor-widget-spacer>.elementor-widget-container>.elementor-spacer{height:100%}.e-con-inner>.elementor-widget-spacer>.elementor-widget-container>.elementor-spacer>.elementor-spacer-inner,.e-con>.elementor-widget-spacer>.elementor-widget-container>.elementor-spacer>.elementor-spacer-inner{height:var(--container-widget-height,var(--spacer-size))}<\/style>\t\t<div class=\"elementor-spacer\">\n\t\t\t<div class=\"elementor-spacer-inner\"><\/div>\n\t\t<\/div>\n\t\t\t\t<\/div>\n\t\t\t\t<\/div>\n\t\t\t\t\t<\/div>\n\t\t<\/div>\n\t\t\t\t\t\t\t<\/div>\n\t\t<\/section>\n\t\t\t\t\t\t\t<\/div>","protected":false},"excerpt":{"rendered":"<p>Impressum SCHNEEMANN\u00ae-Klavierlernsystem und Lehrmittelverlag CH-470.818.887 Anschrift:\u00a0CH-6053 Alpnachstad, Kapellenmattli 4 Telefon:\u00a00041 79 267 85 10 E-Mail:\u00a0info@schneemann-klavierschule.com Gesch\u00e4ftsf\u00fchrerin\/Inhaberin:\u00a0Mailyn Rebecca Henseler SCHNEEMANN, SCHNEEMANN-METHODE, SNOWMAN und NPP sind durch Anmeldung im Markenregister des Eidgen\u00f6ssischen Instituts f\u00fcr Geistiges Eigentum in der Schweiz gesch\u00fctzte Wortmarken.SCHNEEMANN: Markennummer 763310SCHNEEMANN-METHODE: Markennummer 584411SNOWMAN: Markennummer 781531NPP: Markennummer 818236\u00a0Bilder: Janos Klotz<\/p>","protected":false},"author":1,"featured_media":0,"parent":0,"menu_order":0,"comment_status":"closed","ping_status":"closed","template":"","meta":{"footnotes":""},"class_list":["post-52","page","type-page","status-publish","hentry"],"_links":{"self":[{"href":"https:\/\/1502.dev.foxwork.it\/en\/wp-json\/wp\/v2\/pages\/52","targetHints":{"allow":["GET"]}}],"collection":[{"href":"https:\/\/1502.dev.foxwork.it\/en\/wp-json\/wp\/v2\/pages"}],"about":[{"href":"https:\/\/1502.dev.foxwork.it\/en\/wp-json\/wp\/v2\/types\/page"}],"author":[{"embeddable":true,"href":"https:\/\/1502.dev.foxwork.it\/en\/wp-json\/wp\/v2\/users\/1"}],"replies":[{"embeddable":true,"href":"https:\/\/1502.dev.foxwork.it\/en\/wp-json\/wp\/v2\/comments?post=52"}],"version-history":[{"count":0,"href":"https:\/\/1502.dev.foxwork.it\/en\/wp-json\/wp\/v2\/pages\/52\/revisions"}],"wp:attachment":[{"href":"https:\/\/1502.dev.foxwork.it\/en\/wp-json\/wp\/v2\/media?parent=52"}],"curies":[{"name":"wp","href":"https:\/\/api.w.org\/{rel}","templated":true}]}}