{"id":265,"date":"2023-08-23T06:34:26","date_gmt":"2023-08-23T06:34:26","guid":{"rendered":"https:\/\/1502.dev.foxwork.it\/?page_id=265"},"modified":"2024-02-22T07:58:37","modified_gmt":"2024-02-22T07:58:37","slug":"datenschutz","status":"publish","type":"page","link":"https:\/\/1502.dev.foxwork.it\/es\/datenschutz\/","title":{"rendered":"Protecci\u00f3n de datos"},"content":{"rendered":"<div data-elementor-type=\"wp-page\" data-elementor-id=\"265\" class=\"elementor elementor-265\" data-elementor-post-type=\"page\">\n\t\t\t\t\t\t\t\t\t<section class=\"elementor-section elementor-top-section elementor-element elementor-element-306ae3b0 elementor-section-boxed elementor-section-height-default elementor-section-height-default\" data-id=\"306ae3b0\" data-element_type=\"section\">\n\t\t\t\t\t\t<div class=\"elementor-container elementor-column-gap-default\">\n\t\t\t\t\t<div class=\"elementor-column elementor-col-100 elementor-top-column elementor-element elementor-element-337e79e2\" data-id=\"337e79e2\" data-element_type=\"column\">\n\t\t\t<div class=\"elementor-widget-wrap elementor-element-populated\">\n\t\t\t\t\t\t\t\t<div class=\"elementor-element elementor-element-3b19611 elementor-widget elementor-widget-heading\" data-id=\"3b19611\" data-element_type=\"widget\" data-widget_type=\"heading.default\">\n\t\t\t\t<div class=\"elementor-widget-container\">\n\t\t\t<style>\/*! elementor - v3.15.0 - 02-08-2023 *\/\n.elementor-heading-title{padding:0;margin:0;line-height:1}.elementor-widget-heading .elementor-heading-title[class*=elementor-size-]>a{color:inherit;font-size:inherit;line-height:inherit}.elementor-widget-heading .elementor-heading-title.elementor-size-small{font-size:15px}.elementor-widget-heading .elementor-heading-title.elementor-size-medium{font-size:19px}.elementor-widget-heading .elementor-heading-title.elementor-size-large{font-size:29px}.elementor-widget-heading .elementor-heading-title.elementor-size-xl{font-size:39px}.elementor-widget-heading .elementor-heading-title.elementor-size-xxl{font-size:59px}<\/style><h1 class=\"elementor-heading-title elementor-size-default\">Pol\u00edtica de privacidad<\/h1>\t\t<\/div>\n\t\t\t\t<\/div>\n\t\t\t\t<div class=\"elementor-element elementor-element-7d34c0a elementor-widget elementor-widget-text-editor\" data-id=\"7d34c0a\" data-element_type=\"widget\" data-widget_type=\"text-editor.default\">\n\t\t\t\t<div class=\"elementor-widget-container\">\n\t\t\t<style>\/*! elementor - v3.15.0 - 02-08-2023 *\/\n.elementor-widget-text-editor.elementor-drop-cap-view-stacked .elementor-drop-cap{background-color:#69727d;color:#fff}.elementor-widget-text-editor.elementor-drop-cap-view-framed .elementor-drop-cap{color:#69727d;border:3px solid;background-color:transparent}.elementor-widget-text-editor:not(.elementor-drop-cap-view-default) .elementor-drop-cap{margin-top:8px}.elementor-widget-text-editor:not(.elementor-drop-cap-view-default) .elementor-drop-cap-letter{width:1em;height:1em}.elementor-widget-text-editor .elementor-drop-cap{float:left;text-align:center;line-height:1;font-size:50px}.elementor-widget-text-editor .elementor-drop-cap-letter{display:inline-block}<\/style>\t\t\t\t<p><span style=\"font-weight: 400;\">Datenschutz und Datensicherheit sind wichtig f\u00fcr die\u00a0<\/span>SCHNEEMANN\u00ae-<span style=\"font-weight: 400;\">Klavierschule (\u00abSchneemann-Klavierschule\u00bb; \u00abwir\u00bb). Wir bearbeiten Ihre Personendaten verantwortungsbewusst, in \u00dcbereinstimmung mit anwendbaren gesetzlichen Bestimmungen und gem\u00e4ss dieser Datenschutzerkl\u00e4rung.<\/span><\/p>\t\t\t\t\t\t<\/div>\n\t\t\t\t<\/div>\n\t\t\t\t<div class=\"elementor-element elementor-element-cb6cd70 elementor-widget elementor-widget-text-editor\" data-id=\"cb6cd70\" data-element_type=\"widget\" data-widget_type=\"text-editor.default\">\n\t\t\t\t<div class=\"elementor-widget-container\">\n\t\t\t\t\t\t\t<p><!-- wp:heading --><\/p>\n<p><b>Contenido de esta pol\u00edtica de privacidad<\/b><\/p>\n<p><span style=\"font-weight: 400;\">En esta pol\u00edtica de privacidad, le informamos sobre c\u00f3mo recogemos y tratamos los datos personales cuando visita nuestro sitio web en https:\/\/www.schneemann-klavierschule.com (\"Sitio web\") o las p\u00e1ginas de las redes sociales, se pone en contacto con nosotros o utiliza nuestros servicios.<\/span><\/p>\n<p><b><br>Persona responsable del tratamiento de datos<\/b><\/p>\n<p><span style=\"font-weight: 400;\">F\u00fcr die in dieser Datenschutzerkl\u00e4rung beschriebenen Datenbearbeitungen ist&nbsp;<\/span>SCHNEEMANN\u00ae-<span style=\"font-weight: 400;\">Klavierschule verantwortlich.<\/span><\/p>\n<p><span style=\"font-weight: 400;\">Si tiene alguna pregunta o desea ejercer sus derechos de protecci\u00f3n de datos, p\u00f3ngase en contacto con nosotros en info@schneemann-klavierschule.ch o escriba a: Mailyn Rebecca Henseler, Kapellenmattli 4, 6053 Alpnachstad.<\/span><\/p>\n<p><b><br>Datos personales tratados durante la comunicaci\u00f3n y la prestaci\u00f3n de servicios<\/b><\/p>\n<p><span style=\"font-weight: 400;\">Recopilamos la informaci\u00f3n que nos proporciona de la siguiente manera:<\/span><\/p>\n<ul>\n<li style=\"font-weight: 400;\" aria-level=\"1\"><span style=\"font-weight: 400;\">cuando se ponga en contacto con nosotros;<\/span><\/li>\n<li style=\"font-weight: 400;\" aria-level=\"1\"><span style=\"font-weight: 400;\">cuando se registra como usuario en el sitio web o en la plataforma en l\u00ednea;<\/span><\/li>\n<li style=\"font-weight: 400;\" aria-level=\"1\"><span style=\"font-weight: 400;\">cuando solicite servicios;<\/span><\/li>\n<\/ul>\n<p><span style=\"font-weight: 400;\">Esto incluye datos personales generales, como nombre y datos de contacto y, si procede, detalles de su cargo o funci\u00f3n en la organizaci\u00f3n en cuyo nombre se pone en contacto con nosotros.<\/span><\/p>\n<p><span style=\"font-weight: 400;\">Cuando solicita servicios de pago, tambi\u00e9n le pedimos informaci\u00f3n financiera, como el m\u00e9todo de pago preferido y la direcci\u00f3n de facturaci\u00f3n.<\/span><\/p>\n<p><span style=\"font-weight: 400;\">Tambi\u00e9n procesamos datos personales que recibimos de terceros. Esto incluye regularmente datos personales que recibimos en correspondencia o reuniones con clientes, miembros o socios comerciales, por ejemplo, su nombre y detalles de su actividad como miembro del equipo del cliente o socio comercial.<\/span><\/p>\n<p><span style=\"font-weight: 400;\">En la medida en que sea necesario para alcanzar los fines descritos en la presente pol\u00edtica de privacidad, tambi\u00e9n recopilamos datos personales generales de registros, sitios web o plataformas de acceso p\u00fablico (por ejemplo, para verificar su idoneidad para firmar) u obteniendo informaci\u00f3n de terceros (por ejemplo, con fines de referencia en el proceso de solicitud, si usted da su consentimiento).<\/span><\/p>\n<p><b><br>Prestaci\u00f3n y uso de nuestro sitio web<\/b> <b>und Online-Plattform<\/b><\/p>\n<p><i><span style=\"font-weight: 400;\">Uso informativo<\/span><\/i><i><span style=\"font-weight: 400;\"><br><\/span><\/i><span style=\"font-weight: 400;\">Sie k\u00f6nnen sich auf der Website \u00fcber&nbsp;<\/span>SCHNEEMANN\u00ae-<span style=\"font-weight: 400;\">Klavierschule und unser Leistungsangebot informieren, ohne uns mitzuteilen, wer Sie sind. Wie bei jeder Verbindung mit einem Webserver, protokolliert und speichert der Server, auf dem wir die Website und die Online-Plattform bereitstellen lassen, automatisch gewisse technische Daten und speichert sie f\u00fcr kurze Zeit. Dazu geh\u00f6ren die IP-Adresse und das Betriebssystem Ihres Ger\u00e4ts, das Datum und der Zeitpunkt der Nutzung sowie die Art des Browsers, \u00fcber den Sie auf die Website oder Online-Plattform zugreifen.<\/span><\/p>\n<p><span style=\"font-weight: 400;\">Uso de nuestra plataforma en l\u00ednea<\/span><\/p>\n<p><span style=\"font-weight: 400;\">Operamos httpts:\/\/www.schneemann-klavierschule.com (\"Plataforma en l\u00ednea\"). Cuando se registra como usuario en la plataforma en l\u00ednea, recopilamos la informaci\u00f3n que nos proporciona. Esto incluye datos personales generales como el nombre y los datos de contacto, as\u00ed como la informaci\u00f3n personal que usted u otros usuarios introducen, cargan, generan, almacenan y procesan al utilizar la plataforma en l\u00ednea. El cliente respectivo es responsable del tratamiento de los datos personales utilizando la plataforma en l\u00ednea y durante su funcionamiento. Nosotros somos el procesador de pedidos del cliente. Si tiene alguna pregunta, p\u00f3ngase en contacto con el cliente que le proporciona acceso a la plataforma en l\u00ednea.<\/span><\/p>\n<p><span style=\"font-weight: 400;\">An\u00e1lisis web<\/span><\/p>\n<p><span style=\"font-weight: 400;\">Utilizamos servicios de an\u00e1lisis web (actualmente WordPress Tool Stats) para evaluar el uso del sitio web y obtener informaci\u00f3n para su optimizaci\u00f3n. Los servicios de an\u00e1lisis web que utilizamos recopilan y almacenan datos de uso mediante cookies. Antes de transmitirlos a un servidor fuera de Suiza\/UE\/EEE, se acortan las direcciones IP solicitantes. Por lo tanto, no transmitimos ning\u00fan dato personal al proveedor de los servicios de an\u00e1lisis web en el extranjero.<\/span><\/p>\n<p><span style=\"font-weight: 400;\">Tecnolog\u00edas publicitarias<\/span><\/p>\n<p><span style=\"font-weight: 400;\">Utilizamos tecnolog\u00edas publicitarias en el sitio web. Esto nos permite dirigirnos a las personas que visitan nuestro sitio web con publicidad relevante cuando visitan otros sitios web. Los anuncios se muestran en los sitios web que visita bas\u00e1ndose en un an\u00e1lisis de su uso anterior de nuestro sitio web. Para ello, los proveedores de las tecnolog\u00edas publicitarias instalan cookies cuando usted visita nuestro sitio web.&nbsp;<\/span><\/p>\n<p><span style=\"font-weight: 400;\">Plugins sociales<\/span><\/p>\n<p><span style=\"font-weight: 400;\">Los plugins sociales utilizados en el sitio web le permiten recomendar y compartir nuestros contenidos en las redes sociales. Puede reconocer los plugins sociales del sitio web por los logotipos de las respectivas redes sociales. Al interactuar con el plugin social, se env\u00edan datos al proveedor correspondiente de la red social.&nbsp;<\/span><\/p>\n<p><span style=\"font-weight: 400;\">Recursos de sitios web externos<\/span><\/p>\n<p><span style=\"font-weight: 400;\">En nuestro sitio web incluimos recursos de servidores externos. Estos contienen contenidos visibles (v\u00eddeos, m\u00fasica, im\u00e1genes) y recursos t\u00e9cnicos (fuentes).<\/span><\/p>\n<p><span style=\"font-weight: 400;\">Los recursos t\u00e9cnicos se utilizan para mejorar el rendimiento o la seguridad de nuestro sitio web. Cuando se recurre a estos recursos, el operador de los servidores externos conoce su direcci\u00f3n IP y\/o determinados datos marginales que son necesarios para el uso de los servidores del operador externo.&nbsp;<\/span><\/p>\n<p><span style=\"font-weight: 400;\">Nota sobre el uso de cookies<\/span><\/p>\n<p><span style=\"font-weight: 400;\">Utilizamos cookies, etiquetas y tecnolog\u00edas similares en el sitio web para ofrecerle la mejor experiencia de usuario posible y ayudarnos a mejorar el sitio web. Las cookies son archivos de texto que se descargan en su ordenador o dispositivo m\u00f3vil cuando visita un sitio web o utiliza una aplicaci\u00f3n.<\/span><\/p>\n<p><span style=\"font-weight: 400;\">Algunas de las cookies que utilizamos son necesarias para ofrecer determinadas funciones del sitio web. Adem\u00e1s, utilizamos cookies para analizar el uso del sitio web y obtener informaci\u00f3n para optimizarlo.&nbsp;<\/span><\/p>\n<p><span style=\"font-weight: 400;\">Puede dar instrucciones a su navegador para que no acepte cookies o para que le pregunte cada vez antes de que se instale una cookie. Tambi\u00e9n puede eliminar las cookies de su dispositivo utilizando la funci\u00f3n correspondiente de su navegador.&nbsp;<\/span><\/p>\n<p><span style=\"font-weight: 400;\">Uso de nuestras p\u00e1ginas en las redes sociales&nbsp;<\/span><\/p>\n<p><span style=\"font-weight: 400;\">Auf unseren Seiten in sozialen Medien finden Sie Beitr\u00e4ge zu aktuellen Entwicklungen bei&nbsp;<\/span>SCHNEEMANN\u00ae-<span style=\"font-weight: 400;\">Klavierschule sowie zu unserem Leistungsangebot. Die Anbieterinnen der sozialen Medien erheben und analysieren Nutzungsdaten wie die Anzahl Besuche und demographische Angaben zu den Besuchern unserer Unternehmensseiten.<\/span><\/p>\n<p><span style=\"font-weight: 400;\">Recibimos evaluaciones de los proveedores de las redes sociales basadas en estos datos. \u00c9stas s\u00f3lo contienen datos agregados o suficientemente anonimizados. S\u00f3lo el proveedor respectivo puede identificarle sobre la base de los datos de uso recopilados. Por lo tanto, tenga en cuenta la informaci\u00f3n sobre protecci\u00f3n de datos del proveedor correspondiente.&nbsp;<\/span><\/p>\n<p><span style=\"font-weight: 400;\">Uso y optimizaci\u00f3n de nuestro bolet\u00edn de noticias<\/span><\/p>\n<p><span style=\"font-weight: 400;\">Cuando se suscribe a nuestro bolet\u00edn, recopilamos la informaci\u00f3n que nos proporciona. Esto incluye datos personales generales como nombre, apellidos y direcci\u00f3n de correo electr\u00f3nico. Utilizamos servicios de an\u00e1lisis para medir y analizar el uso de nuestro bolet\u00edn. Los servicios de an\u00e1lisis recogen y analizan datos de uso como el n\u00famero de personas que han abierto un bolet\u00edn o han hecho clic en determinados art\u00edculos. Recibimos evaluaciones basadas en estos datos. Esto nos permite optimizar nuestro bolet\u00edn y ofrecerle contenidos de su inter\u00e9s.<\/span><\/p>\n<p><span style=\"font-weight: 400;\">Tambi\u00e9n puede comunicarnos en cualquier momento que desea dejar de recibir nuestro bolet\u00edn en el futuro. Para ello, utilice el enlace para darse de baja que aparece al final del bolet\u00edn. Si hace clic en este enlace, dejaremos de medir y analizar su uso del bolet\u00edn en el futuro.&nbsp;<\/span><\/p>\n<p><b><br>\u00bfCon qu\u00e9 fines tratamos sus datos personales y sobre qu\u00e9 base?<\/b><\/p>\n<p><span style=\"font-weight: 400;\">Tratamos sus datos personales principalmente para informarle sobre nuestra gama de servicios y para prestar, documentar y facturar nuestros servicios de conformidad con nuestras obligaciones contractuales y legales.<\/span><\/p>\n<p><span style=\"font-weight: 400;\">Tambi\u00e9n tratamos sus datos personales para los siguientes fines:<\/span><\/p>\n<ul>\n<li style=\"font-weight: 400;\" aria-level=\"1\"><span style=\"font-weight: 400;\">Responder a sus consultas y comunicarnos con usted;<\/span><\/li>\n<li style=\"font-weight: 400;\" aria-level=\"1\"><span style=\"font-weight: 400;\">Tramitar su inscripci\u00f3n o sus pedidos;<\/span><\/li>\n<li style=\"font-weight: 400;\" aria-level=\"1\"><span style=\"font-weight: 400;\">Puesta a disposici\u00f3n del sitio web y la plataforma en l\u00ednea;<\/span><\/li>\n<li style=\"font-weight: 400;\" aria-level=\"1\"><span style=\"font-weight: 400;\">An\u00e1lisis y optimizaci\u00f3n del uso del sitio web y la plataforma en l\u00ednea;<\/span><\/li>\n<li style=\"font-weight: 400;\" aria-level=\"1\"><span style=\"font-weight: 400;\">Marketing y publicidad;<\/span><\/li>\n<li style=\"font-weight: 400;\" aria-level=\"1\"><span style=\"font-weight: 400;\">Optimizaci\u00f3n de nuestras publicaciones en nuestras p\u00e1ginas de empresa en las redes sociales;<\/span><\/li>\n<li style=\"font-weight: 400;\" aria-level=\"1\"><span style=\"font-weight: 400;\">Information \u00fcber neue Entwicklungen bei SCHNEEMANN\u00ae-Klavierschule und \u00fcber neue Dienstleistungen<\/span><\/li>\n<li style=\"font-weight: 400;\" aria-level=\"1\"><span style=\"font-weight: 400;\">Cumplimiento de las obligaciones legales;<\/span><\/li>\n<li style=\"font-weight: 400;\" aria-level=\"1\"><span style=\"font-weight: 400;\">Ejecuci\u00f3n de reclamaciones judiciales.<\/span><\/li>\n<\/ul>\n<p><span style=\"font-weight: 400;\">Nosotros o terceros (por ejemplo, nuestros clientes) tenemos un inter\u00e9s leg\u00edtimo en procesar sus datos personales para los fines indicados. Parte del tratamiento tambi\u00e9n es necesario para que podamos cumplir nuestras obligaciones contractuales con usted o nuestras obligaciones legales (por ejemplo, obligaciones de conservaci\u00f3n). Sobre esta base, tratamos sus datos personales siempre y cuando la legislaci\u00f3n aplicable en materia de protecci\u00f3n de datos exija una base jur\u00eddica o una justificaci\u00f3n de la licitud del tratamiento de datos en general o para actividades de tratamiento espec\u00edficas.<\/span><\/p>\n<p><b><br>C\u00f3mo almacenamos y protegemos sus datos personales<\/b><\/p>\n<p><span style=\"font-weight: 400;\">Almacenamos sus datos personales s\u00f3lo en la medida y durante el tiempo necesarios para cumplir los fines descritos en esta pol\u00edtica de privacidad o para cumplir con las obligaciones legales.<\/span><\/p>\n<p><span style=\"font-weight: 400;\">En aras de la integridad y confidencialidad de los datos personales, adoptamos las medidas t\u00e9cnicas y organizativas adecuadas. En particular, aplicamos controles de acceso, controles de acceso y procedimientos para revisar, valorar y evaluar peri\u00f3dicamente la eficacia de las medidas de acuerdo con nuestra evaluaci\u00f3n de riesgos.<\/span><\/p>\n<p><span style=\"font-weight: 400;\">Con qui\u00e9n compartimos sus datos personales<\/span><\/p>\n<p><span style=\"font-weight: 400;\">Para alcanzar los fines descritos en esta pol\u00edtica de privacidad, puede ser necesario que compartamos sus datos personales con otras empresas. Se trata de las siguientes categor\u00edas de destinatarios:<\/span><\/p>\n<ul>\n<li style=\"font-weight: 400;\" aria-level=\"1\"><span style=\"font-weight: 400;\">\u00f3rganos internos;<\/span><\/li>\n<li style=\"font-weight: 400;\" aria-level=\"1\"><span style=\"font-weight: 400;\">proveedores de servicios externos;<\/span><\/li>\n<li style=\"font-weight: 400;\" aria-level=\"1\"><span style=\"font-weight: 400;\">autoridades y tribunales (en su caso).<\/span><\/li>\n<\/ul>\n<p><b><\/b><\/p>\n<p><b><br><\/b><\/p>\n<p><b>Lugar de transformaci\u00f3n<\/b><\/p>\n<p><span style=\"font-weight: 400;\">Ihre Personendaten speichern und bearbeiten wir prim\u00e4r in der Schweiz und in der EU.Wir k\u00f6nnen Ihre Personendaten aber auch an Empf\u00e4ngerinnen in L\u00e4ndern&nbsp;ausserhalb der Schweiz oder der EU (Weltweit, insbesondere USA) \u00fcbermitteln. Daten\u00fcbermittlungen in L\u00e4nder ohne angemessenen Datenschutz nehmen wir dabei gest\u00fctzt auf Standard-Datenschutzklauseln oder gesetzliche Ausnahmen (z.B. Notwendigkeit zur Vertragserf\u00fcllung) vor.&nbsp;<\/span><\/p>\n<p><b><br>Sus derechos en relaci\u00f3n con sus datos personales<\/b><\/p>\n<p><span style=\"font-weight: 400;\">Usted tiene los siguientes derechos en relaci\u00f3n con los datos personales que le conciernen:<\/span><\/p>\n<ul>\n<li style=\"font-weight: 400;\" aria-level=\"1\"><span style=\"font-weight: 400;\">Derecho a obtener informaci\u00f3n sobre qu\u00e9 datos personales tenemos sobre usted y c\u00f3mo los procesamos;<\/span><\/li>\n<li style=\"font-weight: 400;\" aria-level=\"1\"><span style=\"font-weight: 400;\">derecho a recibir o transferir una copia de sus datos personales en un formato de uso com\u00fan;<\/span><\/li>\n<li style=\"font-weight: 400;\" aria-level=\"1\"><span style=\"font-weight: 400;\">derecho a rectificar sus datos personales;<\/span><\/li>\n<li style=\"font-weight: 400;\" aria-level=\"1\"><span style=\"font-weight: 400;\">derecho a la supresi\u00f3n de sus datos personales; y<\/span><\/li>\n<li style=\"font-weight: 400;\" aria-level=\"1\"><span style=\"font-weight: 400;\">derecho a oponerse al tratamiento de sus datos personales.<\/span><\/li>\n<\/ul>\n<p><span style=\"font-weight: 400;\">Tenga en cuenta que estos derechos est\u00e1n sujetos a requisitos legales y excepciones. En la medida en que lo permita la ley, podremos denegar su solicitud de ejercicio de estos derechos. Tambi\u00e9n tiene derecho a presentar una reclamaci\u00f3n ante la autoridad de control competente en materia de protecci\u00f3n de datos.<\/span><\/p>\n<p><b><br>C\u00f3mo podemos cambiar esta pol\u00edtica de privacidad<\/b><\/p>\n<p><span style=\"font-weight: 400;\">Podemos modificar esta pol\u00edtica de privacidad en cualquier momento, en particular si cambiamos nuestras pr\u00e1cticas de tratamiento de datos o si se aplica una nueva legislaci\u00f3n. La versi\u00f3n facilitada en https:\/\/www.schneemann-klavierschule.com\/datenschutz se aplicar\u00e1 en cada caso.<\/span><\/p>\n<p><!-- \/wp:paragraph --><\/p>\t\t\t\t\t\t<\/div>\n\t\t\t\t<\/div>\n\t\t\t\t<div class=\"elementor-element elementor-element-274a4e4 elementor-widget elementor-widget-spacer\" data-id=\"274a4e4\" data-element_type=\"widget\" data-widget_type=\"spacer.default\">\n\t\t\t\t<div class=\"elementor-widget-container\">\n\t\t\t<style>\/*! elementor - v3.15.0 - 02-08-2023 *\/\n.elementor-column .elementor-spacer-inner{height:var(--spacer-size)}.e-con{--container-widget-width:100%}.e-con-inner>.elementor-widget-spacer,.e-con>.elementor-widget-spacer{width:var(--container-widget-width,var(--spacer-size));--align-self:var(--container-widget-align-self,initial);--flex-shrink:0}.e-con-inner>.elementor-widget-spacer>.elementor-widget-container,.e-con-inner>.elementor-widget-spacer>.elementor-widget-container>.elementor-spacer,.e-con>.elementor-widget-spacer>.elementor-widget-container,.e-con>.elementor-widget-spacer>.elementor-widget-container>.elementor-spacer{height:100%}.e-con-inner>.elementor-widget-spacer>.elementor-widget-container>.elementor-spacer>.elementor-spacer-inner,.e-con>.elementor-widget-spacer>.elementor-widget-container>.elementor-spacer>.elementor-spacer-inner{height:var(--container-widget-height,var(--spacer-size))}<\/style>\t\t<div class=\"elementor-spacer\">\n\t\t\t<div class=\"elementor-spacer-inner\"><\/div>\n\t\t<\/div>\n\t\t\t\t<\/div>\n\t\t\t\t<\/div>\n\t\t\t\t\t<\/div>\n\t\t<\/div>\n\t\t\t\t\t\t\t<\/div>\n\t\t<\/section>\n\t\t\t\t\t\t\t<\/div>","protected":false},"excerpt":{"rendered":"<p>Datenschutzerkl\u00e4rung Datenschutz und Datensicherheit sind wichtig f\u00fcr die\u00a0SCHNEEMANN\u00ae-Klavierschule (\u00abSchneemann-Klavierschule\u00bb; \u00abwir\u00bb). Wir bearbeiten Ihre Personendaten verantwortungsbewusst, in \u00dcbereinstimmung mit anwendbaren gesetzlichen Bestimmungen und gem\u00e4ss dieser Datenschutzerkl\u00e4rung. Inhalt dieser Datenschutzerkl\u00e4rung In dieser Datenschutzerkl\u00e4rung informieren wir Sie dar\u00fcber, wie wir Personendaten erheben und bearbeiten, wenn Sie unsere Website unter https:\/\/www.schneemann-klavierschule.com (\u00abWebsite\u00bb) oder Social-Media-Seiten besuchen, uns kontaktieren oder unsere [&hellip;]<\/p>","protected":false},"author":1,"featured_media":0,"parent":0,"menu_order":0,"comment_status":"closed","ping_status":"closed","template":"","meta":{"footnotes":""},"class_list":["post-265","page","type-page","status-publish","hentry"],"_links":{"self":[{"href":"https:\/\/1502.dev.foxwork.it\/es\/wp-json\/wp\/v2\/pages\/265","targetHints":{"allow":["GET"]}}],"collection":[{"href":"https:\/\/1502.dev.foxwork.it\/es\/wp-json\/wp\/v2\/pages"}],"about":[{"href":"https:\/\/1502.dev.foxwork.it\/es\/wp-json\/wp\/v2\/types\/page"}],"author":[{"embeddable":true,"href":"https:\/\/1502.dev.foxwork.it\/es\/wp-json\/wp\/v2\/users\/1"}],"replies":[{"embeddable":true,"href":"https:\/\/1502.dev.foxwork.it\/es\/wp-json\/wp\/v2\/comments?post=265"}],"version-history":[{"count":0,"href":"https:\/\/1502.dev.foxwork.it\/es\/wp-json\/wp\/v2\/pages\/265\/revisions"}],"wp:attachment":[{"href":"https:\/\/1502.dev.foxwork.it\/es\/wp-json\/wp\/v2\/media?parent=265"}],"curies":[{"name":"wp","href":"https:\/\/api.w.org\/{rel}","templated":true}]}}